{"id":10155,"date":"2025-05-07T20:34:37","date_gmt":"2025-05-07T20:34:37","guid":{"rendered":"https:\/\/www.eudonet.com\/ressources\/ebooks-guides\/"},"modified":"2026-03-17T16:23:23","modified_gmt":"2026-03-17T16:23:23","slug":"livres-numeriques-guides","status":"publish","type":"page","link":"https:\/\/www.eudonet.com\/fr-ca\/ressources\/livres-numeriques-guides\/","title":{"rendered":"Guides &amp; E-Book"},"content":{"rendered":"","protected":false},"excerpt":{"rendered":"","protected":false},"author":3,"featured_media":0,"parent":10148,"menu_order":0,"comment_status":"closed","ping_status":"closed","template":"ebooks.php","meta":{"_acf_changed":false,"footnotes":""},"class_list":["post-10155","page","type-page","status-publish","hentry"],"acf":[],"yoast_head":"<!-- This site is optimized with the Yoast SEO Premium plugin v26.3 (Yoast SEO v26.6) - https:\/\/yoast.com\/wordpress\/plugins\/seo\/ -->\n<title>Livres num\u00e9riques pour les organisations canadiennes | Eudonet<\/title>\n<meta name=\"description\" content=\"Acc\u00e9dez \u00e0 nos livres num\u00e9riques pour d\u00e9couvrir strat\u00e9gies, m\u00e9thodes et bonnes pratiques adapt\u00e9es aux besoins des organisations au Canada.\" \/>\n<meta name=\"robots\" content=\"index, follow, max-snippet:-1, max-image-preview:large, max-video-preview:-1\" \/>\n<link rel=\"canonical\" href=\"https:\/\/www.eudonet.com\/fr-ca\/ressources\/livres-numeriques-guides\/\" \/>\n<meta property=\"og:locale\" content=\"fr_CA\" \/>\n<meta property=\"og:type\" content=\"article\" \/>\n<meta property=\"og:title\" content=\"Guides &amp; E-Book\" \/>\n<meta property=\"og:description\" content=\"Acc\u00e9dez \u00e0 nos livres num\u00e9riques pour d\u00e9couvrir strat\u00e9gies, m\u00e9thodes et bonnes pratiques adapt\u00e9es aux besoins des organisations au Canada.\" \/>\n<meta property=\"og:url\" content=\"https:\/\/www.eudonet.com\/fr-ca\/ressources\/livres-numeriques-guides\/\" \/>\n<meta property=\"og:site_name\" content=\"Eudonet\" \/>\n<meta property=\"article:modified_time\" content=\"2026-03-17T16:23:23+00:00\" \/>\n<meta property=\"og:image\" content=\"https:\/\/www.eudonet.com\/wp-content\/uploads\/2025\/10\/Favicon-square-1.png\" \/>\n\t<meta property=\"og:image:width\" content=\"275\" \/>\n\t<meta property=\"og:image:height\" content=\"275\" \/>\n\t<meta property=\"og:image:type\" content=\"image\/png\" \/>\n<meta name=\"twitter:card\" content=\"summary_large_image\" \/>\n<script type=\"application\/ld+json\" class=\"yoast-schema-graph\">{\"@context\":\"https:\/\/schema.org\",\"@graph\":[{\"@type\":\"WebPage\",\"@id\":\"https:\/\/www.eudonet.com\/fr-ca\/ressources\/livres-numeriques-guides\/\",\"url\":\"https:\/\/www.eudonet.com\/fr-ca\/ressources\/livres-numeriques-guides\/\",\"name\":\"Livres num\u00e9riques pour les organisations canadiennes | Eudonet\",\"isPartOf\":{\"@id\":\"https:\/\/www.eudonet.com\/fr-ca\/#website\"},\"datePublished\":\"2025-05-07T20:34:37+00:00\",\"dateModified\":\"2026-03-17T16:23:23+00:00\",\"description\":\"Acc\u00e9dez \u00e0 nos livres num\u00e9riques pour d\u00e9couvrir strat\u00e9gies, m\u00e9thodes et bonnes pratiques adapt\u00e9es aux besoins des organisations au Canada.\",\"breadcrumb\":{\"@id\":\"https:\/\/www.eudonet.com\/fr-ca\/ressources\/livres-numeriques-guides\/#breadcrumb\"},\"inLanguage\":\"fr-CA\",\"potentialAction\":[{\"@type\":\"ReadAction\",\"target\":[\"https:\/\/www.eudonet.com\/fr-ca\/ressources\/livres-numeriques-guides\/\"]}]},{\"@type\":\"BreadcrumbList\",\"@id\":\"https:\/\/www.eudonet.com\/fr-ca\/ressources\/livres-numeriques-guides\/#breadcrumb\",\"itemListElement\":[{\"@type\":\"ListItem\",\"position\":1,\"name\":\"Accueil\",\"item\":\"https:\/\/www.eudonet.com\/fr-ca\/\"},{\"@type\":\"ListItem\",\"position\":2,\"name\":\"Ressources\",\"item\":\"https:\/\/www.eudonet.com\/fr-ca\/ressources\/\"},{\"@type\":\"ListItem\",\"position\":3,\"name\":\"Guides &amp; E-Book\"}]},{\"@type\":\"WebSite\",\"@id\":\"https:\/\/www.eudonet.com\/fr-ca\/#website\",\"url\":\"https:\/\/www.eudonet.com\/fr-ca\/\",\"name\":\"Eudonet\",\"description\":\"\",\"potentialAction\":[{\"@type\":\"SearchAction\",\"target\":{\"@type\":\"EntryPoint\",\"urlTemplate\":\"https:\/\/www.eudonet.com\/fr-ca\/?s={search_term_string}\"},\"query-input\":{\"@type\":\"PropertyValueSpecification\",\"valueRequired\":true,\"valueName\":\"search_term_string\"}}],\"inLanguage\":\"fr-CA\"},{\"@type\":\"ImageObject\",\"inLanguage\":\"fr-CA\",\"@id\":\"https:\/\/www.eudonet.com\/fr-ca\/ressources\/livres-numeriques-guides\/#local-main-organization-logo\",\"url\":\"\",\"contentUrl\":\"\",\"caption\":\"Eudonet\"}]}<\/script>\n<!-- \/ Yoast SEO Premium plugin. -->","yoast_head_json":{"title":"Livres num\u00e9riques pour les organisations canadiennes | Eudonet","description":"Acc\u00e9dez \u00e0 nos livres num\u00e9riques pour d\u00e9couvrir strat\u00e9gies, m\u00e9thodes et bonnes pratiques adapt\u00e9es aux besoins des organisations au Canada.","robots":{"index":"index","follow":"follow","max-snippet":"max-snippet:-1","max-image-preview":"max-image-preview:large","max-video-preview":"max-video-preview:-1"},"canonical":"https:\/\/www.eudonet.com\/fr-ca\/ressources\/livres-numeriques-guides\/","og_locale":"fr_CA","og_type":"article","og_title":"Guides &amp; E-Book","og_description":"Acc\u00e9dez \u00e0 nos livres num\u00e9riques pour d\u00e9couvrir strat\u00e9gies, m\u00e9thodes et bonnes pratiques adapt\u00e9es aux besoins des organisations au Canada.","og_url":"https:\/\/www.eudonet.com\/fr-ca\/ressources\/livres-numeriques-guides\/","og_site_name":"Eudonet","article_modified_time":"2026-03-17T16:23:23+00:00","og_image":[{"width":275,"height":275,"url":"https:\/\/www.eudonet.com\/wp-content\/uploads\/2025\/10\/Favicon-square-1.png","type":"image\/png"}],"twitter_card":"summary_large_image","schema":{"@context":"https:\/\/schema.org","@graph":[{"@type":"WebPage","@id":"https:\/\/www.eudonet.com\/fr-ca\/ressources\/livres-numeriques-guides\/","url":"https:\/\/www.eudonet.com\/fr-ca\/ressources\/livres-numeriques-guides\/","name":"Livres num\u00e9riques pour les organisations canadiennes | Eudonet","isPartOf":{"@id":"https:\/\/www.eudonet.com\/fr-ca\/#website"},"datePublished":"2025-05-07T20:34:37+00:00","dateModified":"2026-03-17T16:23:23+00:00","description":"Acc\u00e9dez \u00e0 nos livres num\u00e9riques pour d\u00e9couvrir strat\u00e9gies, m\u00e9thodes et bonnes pratiques adapt\u00e9es aux besoins des organisations au Canada.","breadcrumb":{"@id":"https:\/\/www.eudonet.com\/fr-ca\/ressources\/livres-numeriques-guides\/#breadcrumb"},"inLanguage":"fr-CA","potentialAction":[{"@type":"ReadAction","target":["https:\/\/www.eudonet.com\/fr-ca\/ressources\/livres-numeriques-guides\/"]}]},{"@type":"BreadcrumbList","@id":"https:\/\/www.eudonet.com\/fr-ca\/ressources\/livres-numeriques-guides\/#breadcrumb","itemListElement":[{"@type":"ListItem","position":1,"name":"Accueil","item":"https:\/\/www.eudonet.com\/fr-ca\/"},{"@type":"ListItem","position":2,"name":"Ressources","item":"https:\/\/www.eudonet.com\/fr-ca\/ressources\/"},{"@type":"ListItem","position":3,"name":"Guides &amp; E-Book"}]},{"@type":"WebSite","@id":"https:\/\/www.eudonet.com\/fr-ca\/#website","url":"https:\/\/www.eudonet.com\/fr-ca\/","name":"Eudonet","description":"","potentialAction":[{"@type":"SearchAction","target":{"@type":"EntryPoint","urlTemplate":"https:\/\/www.eudonet.com\/fr-ca\/?s={search_term_string}"},"query-input":{"@type":"PropertyValueSpecification","valueRequired":true,"valueName":"search_term_string"}}],"inLanguage":"fr-CA"},{"@type":"ImageObject","inLanguage":"fr-CA","@id":"https:\/\/www.eudonet.com\/fr-ca\/ressources\/livres-numeriques-guides\/#local-main-organization-logo","url":"","contentUrl":"","caption":"Eudonet"}]}},"metadata":{"_wp_page_template":["ebooks.php"],"_wpml_word_count":["3"],"blog_icon":[""],"_blog_icon":["field_blog_icon"],"blog_title":[""],"_blog_title":["field_blog_title"],"blog_text":[""],"_blog_text":["field_blog_text"],"blog_featured_articles":[""],"_blog_featured_articles":["field_blog_featured_articles"],"blog_popular_title":["Articles populaires"],"_blog_popular_title":["field_blog_popular_title"],"blog_popular":[""],"_blog_popular":["field_blog_popular"],"blog_all_title":["Tous les articles"],"_blog_all_title":["field_blog_all_title"],"cta_background":["1371"],"_cta_background":["field_cta_background"],"cta_title":["Rejoignez les organisations qui font la diff\u00e9rence"],"_cta_title":["field_cta_title"],"cta_link_1":["a:3:{s:5:\"title\";s:25:\"Programmer un rendez-vous\";s:3:\"url\";s:34:\"https:\/\/www.eudonet.com\/fr-ca\/rdv\/\";s:6:\"target\";s:0:\"\";}"],"_cta_link_1":["field_cta_link_1"],"cta_link_2":["a:3:{s:5:\"title\";s:37:\"Contacter un repr\u00e9sentant des ventes\";s:3:\"url\";s:38:\"https:\/\/www.eudonet.com\/fr-ca\/contact\/\";s:6:\"target\";s:0:\"\";}"],"_cta_link_2":["field_cta_link_2"],"newsletter_title":["Amplifiez votre impact"],"_newsletter_title":["field_newsletter_title"],"newsletter_text":["Rejoignez la communaut\u00e9 Eudonet."],"_newsletter_text":["field_newsletter_text"],"newsletter_sector":["Choix du secteur"],"_newsletter_sector":["field_newsletter_sector"],"newsletter_placeholder":["Adresse email"],"_newsletter_placeholder":["field_newsletter_placeholder"],"newsletter_submit":["S'inscrire"],"_newsletter_submit":["field_newsletter_submit"],"theme_selector":["transparent"],"_theme_selector":["theme_selector"],"_wpml_media_duplicate":["1"],"_wpml_media_featured":["1"],"ebooks_icon":["3107"],"_ebooks_icon":["field_ebooks_icon"],"ebooks_title":["Guides & Livres Num\u00e9riques"],"_ebooks_title":["field_ebooks_title"],"ebooks_text":["Pour les professionnels des associations, fondations, \u00e9coles et institutions culturelles. Ma\u00eetrisez les enjeux de votre secteur : gestion des membres, animation de communaut\u00e9s, collecte de fonds et transformation digitale de votre organisation."],"_ebooks_text":["field_ebooks_text"],"ebooks_featured_articles":["a:1:{i:0;s:5:\"32745\";}"],"_ebooks_featured_articles":["field_ebooks_featured_articles"],"ebooks_popular_title":["Guides & Livres Num\u00e9riques populaires"],"_ebooks_popular_title":["field_ebooks_popular_title"],"ebooks_popular":["a:7:{i:0;s:4:\"3151\";i:1;s:4:\"3224\";i:2;s:5:\"30386\";i:3;s:4:\"3146\";i:4;s:4:\"3219\";i:5;s:4:\"3197\";i:6;s:4:\"3161\";}"],"_ebooks_popular":["field_ebooks_popular"],"ebooks_all_title":["Tous les Guides & Livres Num\u00e9riques"],"_ebooks_all_title":["field_ebooks_all_title"],"_eael_post_view_count":["769"],"featured_resources":[""],"_featured_resources":["field_resources_in_page_featured"],"_edit_lock":["1773764625:25"],"_edit_last":["25"],"_last_translation_edit_mode":["native-editor"],"_yoast_wpseo_content_score":["90"],"_yoast_wpseo_estimated-reading-time-minutes":["0"],"_yoast_wpseo_videositemap-rating":["0"],"_yoast_wpseo_title":["Livres num\u00e9riques pour les organisations canadiennes | Eudonet"],"_yoast_wpseo_metadesc":["Acc\u00e9dez \u00e0 nos livres num\u00e9riques pour d\u00e9couvrir strat\u00e9gies, m\u00e9thodes et bonnes pratiques adapt\u00e9es aux besoins des organisations au Canada."],"_yoast_indexnow_last_ping":["1773764603"],"_yoast_wpseo_focuskeywords":[""],"_yoast_wpseo_keywordsynonyms":[""],"_yoast_wpseo_opengraph-image":["https:\/\/www.eudonet.com\/wp-content\/uploads\/2025\/10\/Favicon-square-1.png"],"_yoast_wpseo_opengraph-image-id":["29889"],"hide_header":["0"],"_hide_header":["hide_header"]},"_links":{"self":[{"href":"https:\/\/www.eudonet.com\/fr-ca\/wp-json\/wp\/v2\/pages\/10155","targetHints":{"allow":["GET"]}}],"collection":[{"href":"https:\/\/www.eudonet.com\/fr-ca\/wp-json\/wp\/v2\/pages"}],"about":[{"href":"https:\/\/www.eudonet.com\/fr-ca\/wp-json\/wp\/v2\/types\/page"}],"author":[{"embeddable":true,"href":"https:\/\/www.eudonet.com\/fr-ca\/wp-json\/wp\/v2\/users\/3"}],"replies":[{"embeddable":true,"href":"https:\/\/www.eudonet.com\/fr-ca\/wp-json\/wp\/v2\/comments?post=10155"}],"version-history":[{"count":11,"href":"https:\/\/www.eudonet.com\/fr-ca\/wp-json\/wp\/v2\/pages\/10155\/revisions"}],"predecessor-version":[{"id":35087,"href":"https:\/\/www.eudonet.com\/fr-ca\/wp-json\/wp\/v2\/pages\/10155\/revisions\/35087"}],"up":[{"embeddable":true,"href":"https:\/\/www.eudonet.com\/fr-ca\/wp-json\/wp\/v2\/pages\/10148"}],"wp:attachment":[{"href":"https:\/\/www.eudonet.com\/fr-ca\/wp-json\/wp\/v2\/media?parent=10155"}],"curies":[{"name":"wp","href":"https:\/\/api.w.org\/{rel}","templated":true}]}}