{"id":10161,"date":"2025-05-07T20:34:41","date_gmt":"2025-05-07T20:34:41","guid":{"rendered":"https:\/\/www.eudonet.com\/ressources\/webinaires\/"},"modified":"2025-12-22T10:07:20","modified_gmt":"2025-12-22T10:07:20","slug":"webinaires","status":"publish","type":"page","link":"https:\/\/www.eudonet.com\/fr-ca\/ressources\/webinaires\/","title":{"rendered":"Webinars &amp; Replays"},"content":{"rendered":"","protected":false},"excerpt":{"rendered":"","protected":false},"author":3,"featured_media":0,"parent":10148,"menu_order":0,"comment_status":"closed","ping_status":"closed","template":"webinars.php","meta":{"_acf_changed":false,"footnotes":""},"class_list":["post-10161","page","type-page","status-publish","hentry"],"acf":[],"yoast_head":"<!-- This site is optimized with the Yoast SEO Premium plugin v26.3 (Yoast SEO v26.6) - https:\/\/yoast.com\/wordpress\/plugins\/seo\/ -->\n<title>Webinaires &amp; rediffusions : conseils, d\u00e9monstrations | Eudonet<\/title>\n<meta name=\"description\" content=\"D\u00e9couvrez nos webinaires d\u00e9di\u00e9s aux organisations canadiennes : d\u00e9monstrations, retours d\u2019exp\u00e9rience et conseils d\u2019experts pour optimiser votre gestion.\" \/>\n<meta name=\"robots\" content=\"index, follow, max-snippet:-1, max-image-preview:large, max-video-preview:-1\" \/>\n<link rel=\"canonical\" href=\"https:\/\/www.eudonet.com\/fr-ca\/ressources\/webinaires\/\" \/>\n<meta property=\"og:locale\" content=\"fr_CA\" \/>\n<meta property=\"og:type\" content=\"article\" \/>\n<meta property=\"og:title\" content=\"Webinars &amp; Replays\" \/>\n<meta property=\"og:description\" content=\"D\u00e9couvrez nos webinaires d\u00e9di\u00e9s aux organisations canadiennes : d\u00e9monstrations, retours d\u2019exp\u00e9rience et conseils d\u2019experts pour optimiser votre gestion.\" \/>\n<meta property=\"og:url\" content=\"https:\/\/www.eudonet.com\/fr-ca\/ressources\/webinaires\/\" \/>\n<meta property=\"og:site_name\" content=\"Eudonet\" \/>\n<meta property=\"article:modified_time\" content=\"2025-12-22T10:07:20+00:00\" \/>\n<meta property=\"og:image\" content=\"https:\/\/www.eudonet.com\/wp-content\/uploads\/2025\/10\/Favicon-square-1.png\" \/>\n\t<meta property=\"og:image:width\" content=\"275\" \/>\n\t<meta property=\"og:image:height\" content=\"275\" \/>\n\t<meta property=\"og:image:type\" content=\"image\/png\" \/>\n<meta name=\"twitter:card\" content=\"summary_large_image\" \/>\n<script type=\"application\/ld+json\" class=\"yoast-schema-graph\">{\"@context\":\"https:\/\/schema.org\",\"@graph\":[{\"@type\":\"WebPage\",\"@id\":\"https:\/\/www.eudonet.com\/fr-ca\/ressources\/webinaires\/\",\"url\":\"https:\/\/www.eudonet.com\/fr-ca\/ressources\/webinaires\/\",\"name\":\"Webinaires & rediffusions : conseils, d\u00e9monstrations | Eudonet\",\"isPartOf\":{\"@id\":\"https:\/\/www.eudonet.com\/fr-ca\/#website\"},\"datePublished\":\"2025-05-07T20:34:41+00:00\",\"dateModified\":\"2025-12-22T10:07:20+00:00\",\"description\":\"D\u00e9couvrez nos webinaires d\u00e9di\u00e9s aux organisations canadiennes : d\u00e9monstrations, retours d\u2019exp\u00e9rience et conseils d\u2019experts pour optimiser votre gestion.\",\"breadcrumb\":{\"@id\":\"https:\/\/www.eudonet.com\/fr-ca\/ressources\/webinaires\/#breadcrumb\"},\"inLanguage\":\"fr-CA\",\"potentialAction\":[{\"@type\":\"ReadAction\",\"target\":[\"https:\/\/www.eudonet.com\/fr-ca\/ressources\/webinaires\/\"]}]},{\"@type\":\"BreadcrumbList\",\"@id\":\"https:\/\/www.eudonet.com\/fr-ca\/ressources\/webinaires\/#breadcrumb\",\"itemListElement\":[{\"@type\":\"ListItem\",\"position\":1,\"name\":\"Accueil\",\"item\":\"https:\/\/www.eudonet.com\/fr-ca\/\"},{\"@type\":\"ListItem\",\"position\":2,\"name\":\"Ressources\",\"item\":\"https:\/\/www.eudonet.com\/fr-ca\/ressources\/\"},{\"@type\":\"ListItem\",\"position\":3,\"name\":\"Webinars &amp; Replays\"}]},{\"@type\":\"WebSite\",\"@id\":\"https:\/\/www.eudonet.com\/fr-ca\/#website\",\"url\":\"https:\/\/www.eudonet.com\/fr-ca\/\",\"name\":\"Eudonet\",\"description\":\"\",\"potentialAction\":[{\"@type\":\"SearchAction\",\"target\":{\"@type\":\"EntryPoint\",\"urlTemplate\":\"https:\/\/www.eudonet.com\/fr-ca\/?s={search_term_string}\"},\"query-input\":{\"@type\":\"PropertyValueSpecification\",\"valueRequired\":true,\"valueName\":\"search_term_string\"}}],\"inLanguage\":\"fr-CA\"},{\"@type\":\"ImageObject\",\"inLanguage\":\"fr-CA\",\"@id\":\"https:\/\/www.eudonet.com\/fr-ca\/ressources\/webinaires\/#local-main-organization-logo\",\"url\":\"\",\"contentUrl\":\"\",\"caption\":\"Eudonet\"}]}<\/script>\n<!-- \/ Yoast SEO Premium plugin. -->","yoast_head_json":{"title":"Webinaires & rediffusions : conseils, d\u00e9monstrations | Eudonet","description":"D\u00e9couvrez nos webinaires d\u00e9di\u00e9s aux organisations canadiennes : d\u00e9monstrations, retours d\u2019exp\u00e9rience et conseils d\u2019experts pour optimiser votre gestion.","robots":{"index":"index","follow":"follow","max-snippet":"max-snippet:-1","max-image-preview":"max-image-preview:large","max-video-preview":"max-video-preview:-1"},"canonical":"https:\/\/www.eudonet.com\/fr-ca\/ressources\/webinaires\/","og_locale":"fr_CA","og_type":"article","og_title":"Webinars &amp; Replays","og_description":"D\u00e9couvrez nos webinaires d\u00e9di\u00e9s aux organisations canadiennes : d\u00e9monstrations, retours d\u2019exp\u00e9rience et conseils d\u2019experts pour optimiser votre gestion.","og_url":"https:\/\/www.eudonet.com\/fr-ca\/ressources\/webinaires\/","og_site_name":"Eudonet","article_modified_time":"2025-12-22T10:07:20+00:00","og_image":[{"width":275,"height":275,"url":"https:\/\/www.eudonet.com\/wp-content\/uploads\/2025\/10\/Favicon-square-1.png","type":"image\/png"}],"twitter_card":"summary_large_image","schema":{"@context":"https:\/\/schema.org","@graph":[{"@type":"WebPage","@id":"https:\/\/www.eudonet.com\/fr-ca\/ressources\/webinaires\/","url":"https:\/\/www.eudonet.com\/fr-ca\/ressources\/webinaires\/","name":"Webinaires & rediffusions : conseils, d\u00e9monstrations | Eudonet","isPartOf":{"@id":"https:\/\/www.eudonet.com\/fr-ca\/#website"},"datePublished":"2025-05-07T20:34:41+00:00","dateModified":"2025-12-22T10:07:20+00:00","description":"D\u00e9couvrez nos webinaires d\u00e9di\u00e9s aux organisations canadiennes : d\u00e9monstrations, retours d\u2019exp\u00e9rience et conseils d\u2019experts pour optimiser votre gestion.","breadcrumb":{"@id":"https:\/\/www.eudonet.com\/fr-ca\/ressources\/webinaires\/#breadcrumb"},"inLanguage":"fr-CA","potentialAction":[{"@type":"ReadAction","target":["https:\/\/www.eudonet.com\/fr-ca\/ressources\/webinaires\/"]}]},{"@type":"BreadcrumbList","@id":"https:\/\/www.eudonet.com\/fr-ca\/ressources\/webinaires\/#breadcrumb","itemListElement":[{"@type":"ListItem","position":1,"name":"Accueil","item":"https:\/\/www.eudonet.com\/fr-ca\/"},{"@type":"ListItem","position":2,"name":"Ressources","item":"https:\/\/www.eudonet.com\/fr-ca\/ressources\/"},{"@type":"ListItem","position":3,"name":"Webinars &amp; Replays"}]},{"@type":"WebSite","@id":"https:\/\/www.eudonet.com\/fr-ca\/#website","url":"https:\/\/www.eudonet.com\/fr-ca\/","name":"Eudonet","description":"","potentialAction":[{"@type":"SearchAction","target":{"@type":"EntryPoint","urlTemplate":"https:\/\/www.eudonet.com\/fr-ca\/?s={search_term_string}"},"query-input":{"@type":"PropertyValueSpecification","valueRequired":true,"valueName":"search_term_string"}}],"inLanguage":"fr-CA"},{"@type":"ImageObject","inLanguage":"fr-CA","@id":"https:\/\/www.eudonet.com\/fr-ca\/ressources\/webinaires\/#local-main-organization-logo","url":"","contentUrl":"","caption":"Eudonet"}]}},"metadata":{"_wp_page_template":["webinars.php"],"_wpml_word_count":["3"],"cta_background":["1371"],"_cta_background":["field_cta_background"],"cta_title":["Rejoignez les organisations\r\nqui font la diff\u00e9rence"],"_cta_title":["field_cta_title"],"cta_link_1":["a:3:{s:5:\"title\";s:25:\"Programmer un rendez-vous\";s:3:\"url\";s:34:\"https:\/\/www.eudonet.com\/fr-ca\/rdv\/\";s:6:\"target\";s:0:\"\";}"],"_cta_link_1":["field_cta_link_1"],"cta_link_2":["a:3:{s:5:\"title\";s:37:\"Contacter un repr\u00e9sentant des ventes\";s:3:\"url\";s:38:\"https:\/\/www.eudonet.com\/fr-ca\/contact\/\";s:6:\"target\";s:0:\"\";}"],"_cta_link_2":["field_cta_link_2"],"newsletter_title":["Amplifiez votre impact"],"_newsletter_title":["field_newsletter_title"],"newsletter_text":["Rejoignez la communaut\u00e9 Eudonet."],"_newsletter_text":["field_newsletter_text"],"newsletter_sector":["Choix du secteur"],"_newsletter_sector":["field_newsletter_sector"],"newsletter_placeholder":["Adresse email"],"_newsletter_placeholder":["field_newsletter_placeholder"],"newsletter_submit":["S'inscrire"],"_newsletter_submit":["field_newsletter_submit"],"theme_selector":["transparent"],"_theme_selector":["theme_selector"],"webinars_icon":["3302"],"_webinars_icon":["field_webinars_icon"],"webinars_title":["Webinaires"],"_webinars_title":["field_webinars_title"],"webinars_text":["\u00c9changes en direct et replays avec nos experts pour amplifier l\u2019impact de votre organisation. Ma\u00eetrisez les meilleures pratiques de gestion et de d\u00e9veloppement des associations, fondations, \u00e9coles et institutions culturelles."],"_webinars_text":["field_webinars_text"],"webinars_featured_articles":["a:3:{i:0;s:4:\"3055\";i:1;s:4:\"3068\";i:2;s:4:\"3084\";}"],"_webinars_featured_articles":["field_webinars_featured_articles"],"webinars_popular_title":["Webinaires populaires"],"_webinars_popular_title":["field_webinars_popular_title"],"webinars_popular":["a:3:{i:0;s:4:\"3084\";i:1;s:4:\"3055\";i:2;s:4:\"3068\";}"],"_webinars_popular":["field_webinars_popular"],"webinars_all_title":["Tous les webinaires"],"_webinars_all_title":["field_webinars_all_title"],"_wpml_media_duplicate":["1"],"_wpml_media_featured":["1"],"_eael_post_view_count":["464"],"featured_resources":[""],"_featured_resources":["field_resources_in_page_featured"],"_edit_lock":["1766397909:2"],"_edit_last":["2"],"_last_translation_edit_mode":["native-editor"],"_elementor_edit_mode":["builder"],"_elementor_template_type":["wp-page"],"_elementor_version":["3.31.5"],"_yoast_wpseo_content_score":["90"],"_yoast_wpseo_estimated-reading-time-minutes":["0"],"_yoast_wpseo_videositemap-rating":["0"],"_yoast_wpseo_title":["Webinaires & rediffusions : conseils, d\u00e9monstrations | Eudonet"],"_yoast_wpseo_metadesc":["D\u00e9couvrez nos webinaires d\u00e9di\u00e9s aux organisations canadiennes : d\u00e9monstrations, retours d\u2019exp\u00e9rience et conseils d\u2019experts pour optimiser votre gestion."],"_yoast_indexnow_last_ping":["1766398040"],"_yoast_wpseo_focuskeywords":[""],"_yoast_wpseo_keywordsynonyms":[""],"_yoast_wpseo_opengraph-image":["https:\/\/www.eudonet.com\/wp-content\/uploads\/2025\/10\/Favicon-square-1.png"],"_yoast_wpseo_opengraph-image-id":["29889"],"_elementor_page_assets":["a:0:{}"],"_elementor_css":["a:7:{s:4:\"time\";i:1777473980;s:5:\"fonts\";a:0:{}s:5:\"icons\";a:0:{}s:20:\"dynamic_elements_ids\";a:0:{}s:6:\"status\";s:5:\"empty\";i:0;s:0:\"\";s:3:\"css\";s:0:\"\";}"]},"_links":{"self":[{"href":"https:\/\/www.eudonet.com\/fr-ca\/wp-json\/wp\/v2\/pages\/10161","targetHints":{"allow":["GET"]}}],"collection":[{"href":"https:\/\/www.eudonet.com\/fr-ca\/wp-json\/wp\/v2\/pages"}],"about":[{"href":"https:\/\/www.eudonet.com\/fr-ca\/wp-json\/wp\/v2\/types\/page"}],"author":[{"embeddable":true,"href":"https:\/\/www.eudonet.com\/fr-ca\/wp-json\/wp\/v2\/users\/3"}],"replies":[{"embeddable":true,"href":"https:\/\/www.eudonet.com\/fr-ca\/wp-json\/wp\/v2\/comments?post=10161"}],"version-history":[{"count":11,"href":"https:\/\/www.eudonet.com\/fr-ca\/wp-json\/wp\/v2\/pages\/10161\/revisions"}],"predecessor-version":[{"id":32668,"href":"https:\/\/www.eudonet.com\/fr-ca\/wp-json\/wp\/v2\/pages\/10161\/revisions\/32668"}],"up":[{"embeddable":true,"href":"https:\/\/www.eudonet.com\/fr-ca\/wp-json\/wp\/v2\/pages\/10148"}],"wp:attachment":[{"href":"https:\/\/www.eudonet.com\/fr-ca\/wp-json\/wp\/v2\/media?parent=10161"}],"curies":[{"name":"wp","href":"https:\/\/api.w.org\/{rel}","templated":true}]}}