{"id":11481,"date":"2025-05-10T16:46:39","date_gmt":"2025-05-10T16:46:39","guid":{"rendered":"https:\/\/www.eudonet.com\/solutions\/integrations\/"},"modified":"2026-02-02T13:49:03","modified_gmt":"2026-02-02T13:49:03","slug":"integrations","status":"publish","type":"page","link":"https:\/\/www.eudonet.com\/fr-ca\/solutions\/integrations\/","title":{"rendered":"Int\u00e9grations"},"content":{"rendered":"","protected":false},"excerpt":{"rendered":"","protected":false},"author":3,"featured_media":24676,"parent":11476,"menu_order":0,"comment_status":"closed","ping_status":"closed","template":"integrations.php","meta":{"_acf_changed":true,"footnotes":""},"class_list":["post-11481","page","type-page","status-publish","has-post-thumbnail","hentry"],"acf":[],"yoast_head":"<!-- This site is optimized with the Yoast SEO Premium plugin v26.3 (Yoast SEO v26.6) - https:\/\/yoast.com\/wordpress\/plugins\/seo\/ -->\n<title>Int\u00e9grations : connectez Eudonet \u00e0 vos outils cl\u00e9s | Eudonet<\/title>\n<meta name=\"description\" content=\"Int\u00e9grez votre plateforme \u00e0 vos outils pr\u00e9f\u00e9r\u00e9s au Canada : marketing, finance, paiement, collaboration... Simplifiez vos processus gr\u00e2ce \u00e0 Eudonet.\" \/>\n<meta name=\"robots\" content=\"index, follow, max-snippet:-1, max-image-preview:large, max-video-preview:-1\" \/>\n<link rel=\"canonical\" href=\"https:\/\/www.eudonet.com\/fr-ca\/solutions\/integrations\/\" \/>\n<meta property=\"og:locale\" content=\"fr_CA\" \/>\n<meta property=\"og:type\" content=\"article\" \/>\n<meta property=\"og:title\" content=\"Int\u00e9grations\" \/>\n<meta property=\"og:description\" content=\"Int\u00e9grez votre plateforme \u00e0 vos outils pr\u00e9f\u00e9r\u00e9s au Canada : marketing, finance, paiement, collaboration... Simplifiez vos processus gr\u00e2ce \u00e0 Eudonet.\" \/>\n<meta property=\"og:url\" content=\"https:\/\/www.eudonet.com\/fr-ca\/solutions\/integrations\/\" \/>\n<meta property=\"og:site_name\" content=\"Eudonet\" \/>\n<meta property=\"article:modified_time\" content=\"2026-02-02T13:49:03+00:00\" \/>\n<meta property=\"og:image\" content=\"https:\/\/www.eudonet.com\/wp-content\/uploads\/2025\/10\/Favicon-square-1.png\" \/>\n\t<meta property=\"og:image:width\" content=\"275\" \/>\n\t<meta property=\"og:image:height\" content=\"275\" \/>\n\t<meta property=\"og:image:type\" content=\"image\/png\" \/>\n<meta name=\"twitter:card\" content=\"summary_large_image\" \/>\n<meta name=\"twitter:label1\" content=\"Estimation du temps de lecture\" \/>\n\t<meta name=\"twitter:data1\" content=\"1 minute\" \/>\n<script type=\"application\/ld+json\" class=\"yoast-schema-graph\">{\"@context\":\"https:\/\/schema.org\",\"@graph\":[{\"@type\":\"WebPage\",\"@id\":\"https:\/\/www.eudonet.com\/fr-ca\/solutions\/integrations\/\",\"url\":\"https:\/\/www.eudonet.com\/fr-ca\/solutions\/integrations\/\",\"name\":\"Int\u00e9grations : connectez Eudonet \u00e0 vos outils cl\u00e9s | Eudonet\",\"isPartOf\":{\"@id\":\"https:\/\/www.eudonet.com\/fr-ca\/#website\"},\"primaryImageOfPage\":{\"@id\":\"https:\/\/www.eudonet.com\/fr-ca\/solutions\/integrations\/#primaryimage\"},\"image\":{\"@id\":\"https:\/\/www.eudonet.com\/fr-ca\/solutions\/integrations\/#primaryimage\"},\"thumbnailUrl\":\"https:\/\/www.eudonet.com\/wp-content\/uploads\/2025\/09\/background2.png\",\"datePublished\":\"2025-05-10T16:46:39+00:00\",\"dateModified\":\"2026-02-02T13:49:03+00:00\",\"description\":\"Int\u00e9grez votre plateforme \u00e0 vos outils pr\u00e9f\u00e9r\u00e9s au Canada : marketing, finance, paiement, collaboration... Simplifiez vos processus gr\u00e2ce \u00e0 Eudonet.\",\"breadcrumb\":{\"@id\":\"https:\/\/www.eudonet.com\/fr-ca\/solutions\/integrations\/#breadcrumb\"},\"inLanguage\":\"fr-CA\",\"potentialAction\":[{\"@type\":\"ReadAction\",\"target\":[\"https:\/\/www.eudonet.com\/fr-ca\/solutions\/integrations\/\"]}]},{\"@type\":\"ImageObject\",\"inLanguage\":\"fr-CA\",\"@id\":\"https:\/\/www.eudonet.com\/fr-ca\/solutions\/integrations\/#primaryimage\",\"url\":\"https:\/\/www.eudonet.com\/wp-content\/uploads\/2025\/09\/background2.png\",\"contentUrl\":\"https:\/\/www.eudonet.com\/wp-content\/uploads\/2025\/09\/background2.png\",\"width\":651,\"height\":788},{\"@type\":\"BreadcrumbList\",\"@id\":\"https:\/\/www.eudonet.com\/fr-ca\/solutions\/integrations\/#breadcrumb\",\"itemListElement\":[{\"@type\":\"ListItem\",\"position\":1,\"name\":\"Accueil\",\"item\":\"https:\/\/www.eudonet.com\/fr-ca\/\"},{\"@type\":\"ListItem\",\"position\":2,\"name\":\"Solutions\",\"item\":\"https:\/\/www.eudonet.com\/fr-ca\/solutions\/\"},{\"@type\":\"ListItem\",\"position\":3,\"name\":\"Int\u00e9grations\"}]},{\"@type\":\"WebSite\",\"@id\":\"https:\/\/www.eudonet.com\/fr-ca\/#website\",\"url\":\"https:\/\/www.eudonet.com\/fr-ca\/\",\"name\":\"Eudonet\",\"description\":\"\",\"potentialAction\":[{\"@type\":\"SearchAction\",\"target\":{\"@type\":\"EntryPoint\",\"urlTemplate\":\"https:\/\/www.eudonet.com\/fr-ca\/?s={search_term_string}\"},\"query-input\":{\"@type\":\"PropertyValueSpecification\",\"valueRequired\":true,\"valueName\":\"search_term_string\"}}],\"inLanguage\":\"fr-CA\"},{\"@type\":\"ImageObject\",\"inLanguage\":\"fr-CA\",\"@id\":\"https:\/\/www.eudonet.com\/fr-ca\/solutions\/integrations\/#local-main-organization-logo\",\"url\":\"\",\"contentUrl\":\"\",\"caption\":\"Eudonet\"}]}<\/script>\n<!-- \/ Yoast SEO Premium plugin. -->","yoast_head_json":{"title":"Int\u00e9grations : connectez Eudonet \u00e0 vos outils cl\u00e9s | Eudonet","description":"Int\u00e9grez votre plateforme \u00e0 vos outils pr\u00e9f\u00e9r\u00e9s au Canada : marketing, finance, paiement, collaboration... Simplifiez vos processus gr\u00e2ce \u00e0 Eudonet.","robots":{"index":"index","follow":"follow","max-snippet":"max-snippet:-1","max-image-preview":"max-image-preview:large","max-video-preview":"max-video-preview:-1"},"canonical":"https:\/\/www.eudonet.com\/fr-ca\/solutions\/integrations\/","og_locale":"fr_CA","og_type":"article","og_title":"Int\u00e9grations","og_description":"Int\u00e9grez votre plateforme \u00e0 vos outils pr\u00e9f\u00e9r\u00e9s au Canada : marketing, finance, paiement, collaboration... Simplifiez vos processus gr\u00e2ce \u00e0 Eudonet.","og_url":"https:\/\/www.eudonet.com\/fr-ca\/solutions\/integrations\/","og_site_name":"Eudonet","article_modified_time":"2026-02-02T13:49:03+00:00","og_image":[{"width":275,"height":275,"url":"https:\/\/www.eudonet.com\/wp-content\/uploads\/2025\/10\/Favicon-square-1.png","type":"image\/png"}],"twitter_card":"summary_large_image","twitter_misc":{"Estimation du temps de lecture":"1 minute"},"schema":{"@context":"https:\/\/schema.org","@graph":[{"@type":"WebPage","@id":"https:\/\/www.eudonet.com\/fr-ca\/solutions\/integrations\/","url":"https:\/\/www.eudonet.com\/fr-ca\/solutions\/integrations\/","name":"Int\u00e9grations : connectez Eudonet \u00e0 vos outils cl\u00e9s | Eudonet","isPartOf":{"@id":"https:\/\/www.eudonet.com\/fr-ca\/#website"},"primaryImageOfPage":{"@id":"https:\/\/www.eudonet.com\/fr-ca\/solutions\/integrations\/#primaryimage"},"image":{"@id":"https:\/\/www.eudonet.com\/fr-ca\/solutions\/integrations\/#primaryimage"},"thumbnailUrl":"https:\/\/www.eudonet.com\/wp-content\/uploads\/2025\/09\/background2.png","datePublished":"2025-05-10T16:46:39+00:00","dateModified":"2026-02-02T13:49:03+00:00","description":"Int\u00e9grez votre plateforme \u00e0 vos outils pr\u00e9f\u00e9r\u00e9s au Canada : marketing, finance, paiement, collaboration... Simplifiez vos processus gr\u00e2ce \u00e0 Eudonet.","breadcrumb":{"@id":"https:\/\/www.eudonet.com\/fr-ca\/solutions\/integrations\/#breadcrumb"},"inLanguage":"fr-CA","potentialAction":[{"@type":"ReadAction","target":["https:\/\/www.eudonet.com\/fr-ca\/solutions\/integrations\/"]}]},{"@type":"ImageObject","inLanguage":"fr-CA","@id":"https:\/\/www.eudonet.com\/fr-ca\/solutions\/integrations\/#primaryimage","url":"https:\/\/www.eudonet.com\/wp-content\/uploads\/2025\/09\/background2.png","contentUrl":"https:\/\/www.eudonet.com\/wp-content\/uploads\/2025\/09\/background2.png","width":651,"height":788},{"@type":"BreadcrumbList","@id":"https:\/\/www.eudonet.com\/fr-ca\/solutions\/integrations\/#breadcrumb","itemListElement":[{"@type":"ListItem","position":1,"name":"Accueil","item":"https:\/\/www.eudonet.com\/fr-ca\/"},{"@type":"ListItem","position":2,"name":"Solutions","item":"https:\/\/www.eudonet.com\/fr-ca\/solutions\/"},{"@type":"ListItem","position":3,"name":"Int\u00e9grations"}]},{"@type":"WebSite","@id":"https:\/\/www.eudonet.com\/fr-ca\/#website","url":"https:\/\/www.eudonet.com\/fr-ca\/","name":"Eudonet","description":"","potentialAction":[{"@type":"SearchAction","target":{"@type":"EntryPoint","urlTemplate":"https:\/\/www.eudonet.com\/fr-ca\/?s={search_term_string}"},"query-input":{"@type":"PropertyValueSpecification","valueRequired":true,"valueName":"search_term_string"}}],"inLanguage":"fr-CA"},{"@type":"ImageObject","inLanguage":"fr-CA","@id":"https:\/\/www.eudonet.com\/fr-ca\/solutions\/integrations\/#local-main-organization-logo","url":"","contentUrl":"","caption":"Eudonet"}]}},"metadata":{"_wp_page_template":["integrations.php"],"_wpml_word_count":["3"],"_eael_post_view_count":["1263"],"cta_background":["1371"],"_cta_background":["field_cta_background"],"cta_title":["Rejoignez les organisations\r\nqui font la diff\u00e9rence"],"_cta_title":["field_cta_title"],"cta_link_1":["a:3:{s:5:\"title\";s:25:\"Programmer un rendez-vous\";s:3:\"url\";s:34:\"https:\/\/www.eudonet.com\/fr-ca\/rdv\/\";s:6:\"target\";s:0:\"\";}"],"_cta_link_1":["field_cta_link_1"],"cta_link_2":["a:3:{s:5:\"title\";s:37:\"Contacter un repr\u00e9sentant des ventes\";s:3:\"url\";s:38:\"https:\/\/www.eudonet.com\/fr-ca\/contact\/\";s:6:\"target\";s:0:\"\";}"],"_cta_link_2":["field_cta_link_2"],"faq_title":["Questions Fr\u00e9quentes"],"_faq_title":["field_faq_title"],"faq_cta":[""],"_faq_cta":["field_faq_cta"],"article_questions":["a:3:{i:0;s:4:\"2945\";i:1;s:4:\"2947\";i:2;s:4:\"2949\";}"],"_article_questions":["field_article_questions"],"title":["Int\u00e9grations"],"_title":["field_integrations_title"],"text":["Connectez, synchronisez, automatisez. Eudonet s\u2019int\u00e8gre facilement \u00e0 vos solutions existantes pour simplifier votre quotidien. Comptabilit\u00e9, paiement, communication... transformez vos outils isol\u00e9s en un \u00e9cosyst\u00e8me organisationnel unifi\u00e9."],"_text":["field_integrations_text"],"tag":["Tendances"],"_tag":["field_integrations_tag"],"featured":["a:3:{i:0;s:5:\"16365\";i:1;s:5:\"18280\";i:2;s:5:\"18303\";}"],"_featured":["field_integrations_featured"],"grid_title":["Explorez notre catalogue par cat\u00e9gorie "],"_grid_title":["field_integrations_grid_title"],"grid_text":["Trouvez rapidement les int\u00e9grations qui r\u00e9pondent \u00e0 vos besoins organisationnels. Filtrez par cat\u00e9gorie et cr\u00e9ez une exp\u00e9rience fluide entre vos processus existants et votre plateforme Eudonet."],"_grid_text":["field_integrations_grid_text"],"theme_selector":["black"],"_theme_selector":["theme_selector"],"featured_resources":[""],"_featured_resources":["field_resources_in_page_featured"],"_wpml_media_duplicate":["1"],"_wpml_media_featured":["1"],"article_questions_repeater":[""],"_article_questions_repeater":["field_article_questions_repeater"],"_edit_lock":["1776161394:25"],"_edit_last":["2"],"_last_translation_edit_mode":["native-editor"],"_thumbnail_id":["24676"],"_yoast_wpseo_content_score":["90"],"_yoast_wpseo_estimated-reading-time-minutes":["1"],"_elementor_edit_mode":["builder"],"_elementor_template_type":["wp-page"],"_elementor_version":["3.33.6"],"_yoast_wpseo_videositemap-rating":["0"],"_yoast_wpseo_title":["Int\u00e9grations : connectez Eudonet \u00e0 vos outils cl\u00e9s | Eudonet"],"_yoast_wpseo_metadesc":["Int\u00e9grez votre plateforme \u00e0 vos outils pr\u00e9f\u00e9r\u00e9s au Canada : marketing, finance, paiement, collaboration... Simplifiez vos processus gr\u00e2ce \u00e0 Eudonet."],"_yoast_indexnow_last_ping":["1770040144"],"_yoast_wpseo_focuskeywords":[""],"_yoast_wpseo_keywordsynonyms":[""],"_yoast_wpseo_opengraph-image":["https:\/\/www.eudonet.com\/wp-content\/uploads\/2025\/10\/Favicon-square-1.png"],"_yoast_wpseo_opengraph-image-id":["29889"],"_acf_changed":["1"],"hide_header":["0"],"_hide_header":["hide_header"],"_elementor_page_assets":["a:0:{}"],"_elementor_css":["a:7:{s:4:\"time\";i:1777459411;s:5:\"fonts\";a:0:{}s:5:\"icons\";a:0:{}s:20:\"dynamic_elements_ids\";a:0:{}s:6:\"status\";s:5:\"empty\";i:0;s:0:\"\";s:3:\"css\";s:0:\"\";}"]},"_links":{"self":[{"href":"https:\/\/www.eudonet.com\/fr-ca\/wp-json\/wp\/v2\/pages\/11481","targetHints":{"allow":["GET"]}}],"collection":[{"href":"https:\/\/www.eudonet.com\/fr-ca\/wp-json\/wp\/v2\/pages"}],"about":[{"href":"https:\/\/www.eudonet.com\/fr-ca\/wp-json\/wp\/v2\/types\/page"}],"author":[{"embeddable":true,"href":"https:\/\/www.eudonet.com\/fr-ca\/wp-json\/wp\/v2\/users\/3"}],"replies":[{"embeddable":true,"href":"https:\/\/www.eudonet.com\/fr-ca\/wp-json\/wp\/v2\/comments?post=11481"}],"version-history":[{"count":10,"href":"https:\/\/www.eudonet.com\/fr-ca\/wp-json\/wp\/v2\/pages\/11481\/revisions"}],"predecessor-version":[{"id":34341,"href":"https:\/\/www.eudonet.com\/fr-ca\/wp-json\/wp\/v2\/pages\/11481\/revisions\/34341"}],"up":[{"embeddable":true,"href":"https:\/\/www.eudonet.com\/fr-ca\/wp-json\/wp\/v2\/pages\/11476"}],"wp:featuredmedia":[{"embeddable":true,"href":"https:\/\/www.eudonet.com\/fr-ca\/wp-json\/wp\/v2\/media\/24676"}],"wp:attachment":[{"href":"https:\/\/www.eudonet.com\/fr-ca\/wp-json\/wp\/v2\/media?parent=11481"}],"curies":[{"name":"wp","href":"https:\/\/api.w.org\/{rel}","templated":true}]}}