{"id":28322,"date":"2025-05-07T20:38:04","date_gmt":"2025-05-07T20:38:04","guid":{"rendered":"https:\/\/www.eudonet.com\/mentions-legales\/"},"modified":"2025-12-22T10:02:02","modified_gmt":"2025-12-22T10:02:02","slug":"mentions-legales","status":"publish","type":"page","link":"https:\/\/www.eudonet.com\/fr-ca\/mentions-legales\/","title":{"rendered":"Mentions l\u00e9gales"},"content":{"rendered":"\n<p><strong>\u00c9diteur du site<\/strong><\/p>\n\n\n\n<p>Ce site est \u00e9dit\u00e9 par : <strong>Eudonet SAS<\/strong><br>Immeuble Smartpark, 11 avenue Dubonnet \u2013 92400 Courbevoie &#8211; France<br>Soci\u00e9t\u00e9 par Actions Simplifi\u00e9e au capital de <strong>14 366 500 euros<\/strong><\/p>\n\n\n\n<p>RCS Nanterre n\u00b0 <strong>531 852 580<\/strong><br>N\u00b0 TVA intracommunautaire : <strong>FR 96 531 852 580<\/strong><\/p>\n\n\n\n<p><strong>Directeur de la publication<\/strong><br>M. <strong>Renaud Sibel<\/strong>, pr\u00e9sident d\u2019Eudonet.<\/p>\n\n\n\n<p><strong>H\u00e9bergeur du site<\/strong><br><strong>Scaleway SAS<\/strong><br>8 rue de la Ville l\u2019\u00c9v\u00eaque &#8211; 75008 Paris &#8211; France<br>Site web : www.scaleway.com<\/p>\n\n\n\n<p><strong>Propri\u00e9t\u00e9 intellectuelle<\/strong><\/p>\n\n\n\n<p>L\u2019appellation <strong>Eudonet<\/strong>, le logo <strong>Eudonet<\/strong>, ainsi que le nom des produits et services qui y sont associ\u00e9s qui faut-il sont des <strong>marques d\u00e9pos\u00e9es<\/strong> par Eudonet SAS.<\/p>\n\n\n\n<p>D\u2019autres marques peuvent \u00eatre cit\u00e9es sur ce site ; elles sont en principe identifi\u00e9es par une majuscule. Elles sont utilis\u00e9es par Eudonet soit avec l\u2019autorisation de leur titulaire, soit \u00e0 titre d\u2019indication des produits ou services propos\u00e9s par Eudonet. Toute reproduction, imitation, utilisation ou apposition de ces marques sans autorisation pr\u00e9alable constitue un <strong>d\u00e9lit de contrefa\u00e7on<\/strong>.<\/p>\n\n\n\n<p><strong>Conditions d\u2019utilisation<\/strong><br>L\u2019utilisateur reconna\u00eet avoir pris connaissance des pr\u00e9sentes mentions l\u00e9gales et s\u2019engage \u00e0 les respecter. L\u2019usage du site s\u2019effectue sous sa seule responsabilit\u00e9. Eudonet ne saurait \u00eatre tenu responsable en cas d\u2019interruption, d\u2019erreurs, ou d\u2019\u00e9ventuels dommages r\u00e9sultant de l\u2019utilisation du site.<br>L\u2019utilisateur s\u2019engage \u00e0 n\u2019utiliser le site qu\u2019\u00e0 des fins licites et conform\u00e9ment \u00e0 sa destination.<\/p>\n\n\n\n<p><strong>Liens externes<\/strong><br>Les liens pr\u00e9sents sur le site peuvent conduire vers des sites tiers. Eudonet n\u2019exerce aucun contr\u00f4le sur leur contenu et d\u00e9cline toute responsabilit\u00e9 \u00e0 leur \u00e9gard.<\/p>\n\n\n\n<p><strong>Protection des donn\u00e9es personnelles<\/strong><br>Les donn\u00e9es collect\u00e9es via ce site sont exclusivement destin\u00e9es \u00e0 <strong>Eudonet<\/strong>. Ces informations sont confidentielles et conserv\u00e9es par Eudonet dans le respect de la r\u00e9glementation applicable.<br>Conform\u00e9ment \u00e0 la loi \u00ab Informatique et Libert\u00e9s \u00bb n\u00b078-17 du 6 janvier 1978 modifi\u00e9e, au R\u00e8glement G\u00e9n\u00e9ral sur la Protection des Donn\u00e9es (RGPD \u2013 UE 2016\/679) et \u00e0 la <strong>Loi 25 au Canada<\/strong>, vous disposez d\u2019un droit d\u2019acc\u00e8s, de rectification, d\u2019effacement, de limitation et d\u2019opposition au traitement de vos donn\u00e9es. Vous pouvez \u00e9galement exercer votre droit \u00e0 la portabilit\u00e9 et retirer votre consentement \u00e0 tout moment.<br>Pour plus de d\u00e9tails, merci de consulter notre .<\/p>\n\n\n\n<p><strong>Loi applicable<\/strong><br>Les pr\u00e9sentes mentions l\u00e9gales sont r\u00e9gies par le droit fran\u00e7ais. En cas de litige, comp\u00e9tence exclusive est attribu\u00e9e aux tribunaux du ressort de la Cour d\u2019appel de Paris, sauf disposition l\u00e9gale imp\u00e9rative contraire.<\/p>\n","protected":false},"excerpt":{"rendered":"<p>\u00c9diteur du site Ce site est \u00e9dit\u00e9 par : Eudonet SASImmeuble Smartpark, 11 avenue Dubonnet \u2013 92400 Courbevoie &#8211; FranceSoci\u00e9t\u00e9 par Actions Simplifi\u00e9e au capital de 14 366 500 euros RCS Nanterre n\u00b0 531 852 580N\u00b0 TVA intracommunautaire : FR 96 531 852 580 Directeur de la publicationM. Renaud Sibel, pr\u00e9sident d\u2019Eudonet. H\u00e9bergeur du siteScaleway [&hellip;]<\/p>\n","protected":false},"author":3,"featured_media":0,"parent":0,"menu_order":0,"comment_status":"closed","ping_status":"closed","template":"legal.php","meta":{"_acf_changed":false,"footnotes":""},"class_list":["post-28322","page","type-page","status-publish","hentry"],"acf":[],"yoast_head":"<!-- This site is optimized with the Yoast SEO Premium plugin v26.3 (Yoast SEO v26.6) - https:\/\/yoast.com\/wordpress\/plugins\/seo\/ -->\n<title>Nos mentions l\u00e9gales au Canada | Eudonet<\/title>\n<meta name=\"description\" content=\"Consultez nos mentions l\u00e9gales au Canada : informations sur l\u2019\u00e9diteur du site, responsabilit\u00e9s et conditions d\u2019utilisation pour une transparence compl\u00e8te.\" \/>\n<meta name=\"robots\" content=\"index, follow, max-snippet:-1, max-image-preview:large, max-video-preview:-1\" \/>\n<link rel=\"canonical\" href=\"https:\/\/www.eudonet.com\/fr-ca\/mentions-legales\/\" \/>\n<meta property=\"og:locale\" content=\"fr_CA\" \/>\n<meta property=\"og:type\" content=\"article\" \/>\n<meta property=\"og:title\" content=\"Mentions l\u00e9gales\" \/>\n<meta property=\"og:description\" content=\"Consultez nos mentions l\u00e9gales au Canada : informations sur l\u2019\u00e9diteur du site, responsabilit\u00e9s et conditions d\u2019utilisation pour une transparence compl\u00e8te.\" \/>\n<meta property=\"og:url\" content=\"https:\/\/www.eudonet.com\/fr-ca\/mentions-legales\/\" \/>\n<meta property=\"og:site_name\" content=\"Eudonet\" \/>\n<meta property=\"article:modified_time\" content=\"2025-12-22T10:02:02+00:00\" \/>\n<meta property=\"og:image\" content=\"https:\/\/www.eudonet.com\/wp-content\/uploads\/2025\/10\/Favicon-square-1.png\" \/>\n\t<meta property=\"og:image:width\" content=\"275\" \/>\n\t<meta property=\"og:image:height\" content=\"275\" \/>\n\t<meta property=\"og:image:type\" content=\"image\/png\" \/>\n<meta name=\"twitter:card\" content=\"summary_large_image\" \/>\n<meta name=\"twitter:label1\" content=\"Estimation du temps de lecture\" \/>\n\t<meta name=\"twitter:data1\" content=\"2 minutes\" \/>\n<script type=\"application\/ld+json\" class=\"yoast-schema-graph\">{\"@context\":\"https:\/\/schema.org\",\"@graph\":[{\"@type\":\"WebPage\",\"@id\":\"https:\/\/www.eudonet.com\/fr-ca\/mentions-legales\/\",\"url\":\"https:\/\/www.eudonet.com\/fr-ca\/mentions-legales\/\",\"name\":\"Nos mentions l\u00e9gales au Canada | Eudonet\",\"isPartOf\":{\"@id\":\"https:\/\/www.eudonet.com\/fr-ca\/#website\"},\"datePublished\":\"2025-05-07T20:38:04+00:00\",\"dateModified\":\"2025-12-22T10:02:02+00:00\",\"description\":\"Consultez nos mentions l\u00e9gales au Canada : informations sur l\u2019\u00e9diteur du site, responsabilit\u00e9s et conditions d\u2019utilisation pour une transparence compl\u00e8te.\",\"breadcrumb\":{\"@id\":\"https:\/\/www.eudonet.com\/fr-ca\/mentions-legales\/#breadcrumb\"},\"inLanguage\":\"fr-CA\",\"potentialAction\":[{\"@type\":\"ReadAction\",\"target\":[\"https:\/\/www.eudonet.com\/fr-ca\/mentions-legales\/\"]}]},{\"@type\":\"BreadcrumbList\",\"@id\":\"https:\/\/www.eudonet.com\/fr-ca\/mentions-legales\/#breadcrumb\",\"itemListElement\":[{\"@type\":\"ListItem\",\"position\":1,\"name\":\"Accueil\",\"item\":\"https:\/\/www.eudonet.com\/fr-ca\/\"},{\"@type\":\"ListItem\",\"position\":2,\"name\":\"Mentions l\u00e9gales\"}]},{\"@type\":\"WebSite\",\"@id\":\"https:\/\/www.eudonet.com\/fr-ca\/#website\",\"url\":\"https:\/\/www.eudonet.com\/fr-ca\/\",\"name\":\"Eudonet\",\"description\":\"\",\"potentialAction\":[{\"@type\":\"SearchAction\",\"target\":{\"@type\":\"EntryPoint\",\"urlTemplate\":\"https:\/\/www.eudonet.com\/fr-ca\/?s={search_term_string}\"},\"query-input\":{\"@type\":\"PropertyValueSpecification\",\"valueRequired\":true,\"valueName\":\"search_term_string\"}}],\"inLanguage\":\"fr-CA\"},{\"@type\":\"ImageObject\",\"inLanguage\":\"fr-CA\",\"@id\":\"https:\/\/www.eudonet.com\/fr-ca\/mentions-legales\/#local-main-organization-logo\",\"url\":\"\",\"contentUrl\":\"\",\"caption\":\"Eudonet\"}]}<\/script>\n<!-- \/ Yoast SEO Premium plugin. -->","yoast_head_json":{"title":"Nos mentions l\u00e9gales au Canada | Eudonet","description":"Consultez nos mentions l\u00e9gales au Canada : informations sur l\u2019\u00e9diteur du site, responsabilit\u00e9s et conditions d\u2019utilisation pour une transparence compl\u00e8te.","robots":{"index":"index","follow":"follow","max-snippet":"max-snippet:-1","max-image-preview":"max-image-preview:large","max-video-preview":"max-video-preview:-1"},"canonical":"https:\/\/www.eudonet.com\/fr-ca\/mentions-legales\/","og_locale":"fr_CA","og_type":"article","og_title":"Mentions l\u00e9gales","og_description":"Consultez nos mentions l\u00e9gales au Canada : informations sur l\u2019\u00e9diteur du site, responsabilit\u00e9s et conditions d\u2019utilisation pour une transparence compl\u00e8te.","og_url":"https:\/\/www.eudonet.com\/fr-ca\/mentions-legales\/","og_site_name":"Eudonet","article_modified_time":"2025-12-22T10:02:02+00:00","og_image":[{"width":275,"height":275,"url":"https:\/\/www.eudonet.com\/wp-content\/uploads\/2025\/10\/Favicon-square-1.png","type":"image\/png"}],"twitter_card":"summary_large_image","twitter_misc":{"Estimation du temps de lecture":"2 minutes"},"schema":{"@context":"https:\/\/schema.org","@graph":[{"@type":"WebPage","@id":"https:\/\/www.eudonet.com\/fr-ca\/mentions-legales\/","url":"https:\/\/www.eudonet.com\/fr-ca\/mentions-legales\/","name":"Nos mentions l\u00e9gales au Canada | Eudonet","isPartOf":{"@id":"https:\/\/www.eudonet.com\/fr-ca\/#website"},"datePublished":"2025-05-07T20:38:04+00:00","dateModified":"2025-12-22T10:02:02+00:00","description":"Consultez nos mentions l\u00e9gales au Canada : informations sur l\u2019\u00e9diteur du site, responsabilit\u00e9s et conditions d\u2019utilisation pour une transparence compl\u00e8te.","breadcrumb":{"@id":"https:\/\/www.eudonet.com\/fr-ca\/mentions-legales\/#breadcrumb"},"inLanguage":"fr-CA","potentialAction":[{"@type":"ReadAction","target":["https:\/\/www.eudonet.com\/fr-ca\/mentions-legales\/"]}]},{"@type":"BreadcrumbList","@id":"https:\/\/www.eudonet.com\/fr-ca\/mentions-legales\/#breadcrumb","itemListElement":[{"@type":"ListItem","position":1,"name":"Accueil","item":"https:\/\/www.eudonet.com\/fr-ca\/"},{"@type":"ListItem","position":2,"name":"Mentions l\u00e9gales"}]},{"@type":"WebSite","@id":"https:\/\/www.eudonet.com\/fr-ca\/#website","url":"https:\/\/www.eudonet.com\/fr-ca\/","name":"Eudonet","description":"","potentialAction":[{"@type":"SearchAction","target":{"@type":"EntryPoint","urlTemplate":"https:\/\/www.eudonet.com\/fr-ca\/?s={search_term_string}"},"query-input":{"@type":"PropertyValueSpecification","valueRequired":true,"valueName":"search_term_string"}}],"inLanguage":"fr-CA"},{"@type":"ImageObject","inLanguage":"fr-CA","@id":"https:\/\/www.eudonet.com\/fr-ca\/mentions-legales\/#local-main-organization-logo","url":"","contentUrl":"","caption":"Eudonet"}]}},"metadata":{"_wp_page_template":["legal.php"],"_icl_lang_duplicate_of":["135"],"theme_selector":["transparent"],"_edit_lock":["1766397732:2"],"_wpml_word_count":["455"],"_eael_post_view_count":["578"],"_theme_selector":["theme_selector"],"featured_resources":[""],"_featured_resources":["field_resources_in_page_featured"],"_wpml_media_duplicate":["1"],"_wpml_media_featured":["1"],"_wpml_location_migration_done":["1"],"_yoast_wpseo_content_score":["30"],"_yoast_wpseo_estimated-reading-time-minutes":["2"],"_elementor_template_type":["wp-page"],"_elementor_version":["3.31.5"],"_yoast_wpseo_videositemap-rating":["0"],"_yoast_wpseo_title":["Nos mentions l\u00e9gales au Canada | Eudonet"],"_yoast_wpseo_metadesc":["Consultez nos mentions l\u00e9gales au Canada : informations sur l\u2019\u00e9diteur du site, responsabilit\u00e9s et conditions d\u2019utilisation pour une transparence compl\u00e8te."],"_last_translation_edit_mode":["native-editor"],"_edit_last":["2"],"_yoast_indexnow_last_ping":["1766397723"],"_yoast_wpseo_focuskeywords":[""],"_yoast_wpseo_keywordsynonyms":[""],"_yoast_wpseo_opengraph-image":["https:\/\/www.eudonet.com\/wp-content\/uploads\/2025\/10\/Favicon-square-1.png"],"_yoast_wpseo_opengraph-image-id":["29889"]},"_links":{"self":[{"href":"https:\/\/www.eudonet.com\/fr-ca\/wp-json\/wp\/v2\/pages\/28322","targetHints":{"allow":["GET"]}}],"collection":[{"href":"https:\/\/www.eudonet.com\/fr-ca\/wp-json\/wp\/v2\/pages"}],"about":[{"href":"https:\/\/www.eudonet.com\/fr-ca\/wp-json\/wp\/v2\/types\/page"}],"author":[{"embeddable":true,"href":"https:\/\/www.eudonet.com\/fr-ca\/wp-json\/wp\/v2\/users\/3"}],"replies":[{"embeddable":true,"href":"https:\/\/www.eudonet.com\/fr-ca\/wp-json\/wp\/v2\/comments?post=28322"}],"version-history":[{"count":1,"href":"https:\/\/www.eudonet.com\/fr-ca\/wp-json\/wp\/v2\/pages\/28322\/revisions"}],"predecessor-version":[{"id":28594,"href":"https:\/\/www.eudonet.com\/fr-ca\/wp-json\/wp\/v2\/pages\/28322\/revisions\/28594"}],"wp:attachment":[{"href":"https:\/\/www.eudonet.com\/fr-ca\/wp-json\/wp\/v2\/media?parent=28322"}],"curies":[{"name":"wp","href":"https:\/\/api.w.org\/{rel}","templated":true}]}}