{"id":9497,"date":"2025-05-07T20:34:29","date_gmt":"2025-05-07T20:34:29","guid":{"rendered":"https:\/\/www.eudonet.com\/blog\/"},"modified":"2026-03-17T16:28:12","modified_gmt":"2026-03-17T16:28:12","slug":"blog","status":"publish","type":"page","link":"https:\/\/www.eudonet.com\/fr-ca\/ressources\/blog\/","title":{"rendered":"Blog"},"content":{"rendered":"","protected":false},"excerpt":{"rendered":"","protected":false},"author":3,"featured_media":0,"parent":10148,"menu_order":0,"comment_status":"closed","ping_status":"closed","template":"blog.php","meta":{"_acf_changed":false,"footnotes":""},"class_list":["post-9497","page","type-page","status-publish","hentry"],"acf":[],"yoast_head":"<!-- This site is optimized with the Yoast SEO Premium plugin v26.3 (Yoast SEO v26.6) - https:\/\/yoast.com\/wordpress\/plugins\/seo\/ -->\n<title>Blog : conseils, tendances et bonnes pratiques | Eudonet<\/title>\n<meta name=\"description\" content=\"D\u00e9couvrez le blog Eudonet : actualit\u00e9s, tendances, bonnes pratiques et conseils d\u00e9di\u00e9s aux enjeux des organisations canadiennes.\" \/>\n<meta name=\"robots\" content=\"index, follow, max-snippet:-1, max-image-preview:large, max-video-preview:-1\" \/>\n<link rel=\"canonical\" href=\"https:\/\/www.eudonet.com\/fr-ca\/ressources\/blog\/\" \/>\n<meta property=\"og:locale\" content=\"fr_CA\" \/>\n<meta property=\"og:type\" content=\"article\" \/>\n<meta property=\"og:title\" content=\"Blog\" \/>\n<meta property=\"og:description\" content=\"D\u00e9couvrez le blog Eudonet : actualit\u00e9s, tendances, bonnes pratiques et conseils d\u00e9di\u00e9s aux enjeux des organisations canadiennes.\" \/>\n<meta property=\"og:url\" content=\"https:\/\/www.eudonet.com\/fr-ca\/ressources\/blog\/\" \/>\n<meta property=\"og:site_name\" content=\"Eudonet\" \/>\n<meta property=\"article:modified_time\" content=\"2026-03-17T16:28:12+00:00\" \/>\n<meta property=\"og:image\" content=\"https:\/\/www.eudonet.com\/wp-content\/uploads\/2025\/10\/Favicon-square-1.png\" \/>\n\t<meta property=\"og:image:width\" content=\"275\" \/>\n\t<meta property=\"og:image:height\" content=\"275\" \/>\n\t<meta property=\"og:image:type\" content=\"image\/png\" \/>\n<meta name=\"twitter:card\" content=\"summary_large_image\" \/>\n<script type=\"application\/ld+json\" class=\"yoast-schema-graph\">{\"@context\":\"https:\/\/schema.org\",\"@graph\":[{\"@type\":\"WebPage\",\"@id\":\"https:\/\/www.eudonet.com\/fr-ca\/ressources\/blog\/\",\"url\":\"https:\/\/www.eudonet.com\/fr-ca\/ressources\/blog\/\",\"name\":\"Blog : conseils, tendances et bonnes pratiques | Eudonet\",\"isPartOf\":{\"@id\":\"https:\/\/www.eudonet.com\/fr-ca\/#website\"},\"datePublished\":\"2025-05-07T20:34:29+00:00\",\"dateModified\":\"2026-03-17T16:28:12+00:00\",\"description\":\"D\u00e9couvrez le blog Eudonet : actualit\u00e9s, tendances, bonnes pratiques et conseils d\u00e9di\u00e9s aux enjeux des organisations canadiennes.\",\"breadcrumb\":{\"@id\":\"https:\/\/www.eudonet.com\/fr-ca\/ressources\/blog\/#breadcrumb\"},\"inLanguage\":\"fr-CA\",\"potentialAction\":[{\"@type\":\"ReadAction\",\"target\":[\"https:\/\/www.eudonet.com\/fr-ca\/ressources\/blog\/\"]}]},{\"@type\":\"BreadcrumbList\",\"@id\":\"https:\/\/www.eudonet.com\/fr-ca\/ressources\/blog\/#breadcrumb\",\"itemListElement\":[{\"@type\":\"ListItem\",\"position\":1,\"name\":\"Accueil\",\"item\":\"https:\/\/www.eudonet.com\/fr-ca\/\"},{\"@type\":\"ListItem\",\"position\":2,\"name\":\"Ressources\",\"item\":\"https:\/\/www.eudonet.com\/fr-ca\/ressources\/\"},{\"@type\":\"ListItem\",\"position\":3,\"name\":\"Blog\"}]},{\"@type\":\"WebSite\",\"@id\":\"https:\/\/www.eudonet.com\/fr-ca\/#website\",\"url\":\"https:\/\/www.eudonet.com\/fr-ca\/\",\"name\":\"Eudonet\",\"description\":\"\",\"potentialAction\":[{\"@type\":\"SearchAction\",\"target\":{\"@type\":\"EntryPoint\",\"urlTemplate\":\"https:\/\/www.eudonet.com\/fr-ca\/?s={search_term_string}\"},\"query-input\":{\"@type\":\"PropertyValueSpecification\",\"valueRequired\":true,\"valueName\":\"search_term_string\"}}],\"inLanguage\":\"fr-CA\"},{\"@type\":\"ImageObject\",\"inLanguage\":\"fr-CA\",\"@id\":\"https:\/\/www.eudonet.com\/fr-ca\/ressources\/blog\/#local-main-organization-logo\",\"url\":\"\",\"contentUrl\":\"\",\"caption\":\"Eudonet\"}]}<\/script>\n<!-- \/ Yoast SEO Premium plugin. -->","yoast_head_json":{"title":"Blog : conseils, tendances et bonnes pratiques | Eudonet","description":"D\u00e9couvrez le blog Eudonet : actualit\u00e9s, tendances, bonnes pratiques et conseils d\u00e9di\u00e9s aux enjeux des organisations canadiennes.","robots":{"index":"index","follow":"follow","max-snippet":"max-snippet:-1","max-image-preview":"max-image-preview:large","max-video-preview":"max-video-preview:-1"},"canonical":"https:\/\/www.eudonet.com\/fr-ca\/ressources\/blog\/","og_locale":"fr_CA","og_type":"article","og_title":"Blog","og_description":"D\u00e9couvrez le blog Eudonet : actualit\u00e9s, tendances, bonnes pratiques et conseils d\u00e9di\u00e9s aux enjeux des organisations canadiennes.","og_url":"https:\/\/www.eudonet.com\/fr-ca\/ressources\/blog\/","og_site_name":"Eudonet","article_modified_time":"2026-03-17T16:28:12+00:00","og_image":[{"width":275,"height":275,"url":"https:\/\/www.eudonet.com\/wp-content\/uploads\/2025\/10\/Favicon-square-1.png","type":"image\/png"}],"twitter_card":"summary_large_image","schema":{"@context":"https:\/\/schema.org","@graph":[{"@type":"WebPage","@id":"https:\/\/www.eudonet.com\/fr-ca\/ressources\/blog\/","url":"https:\/\/www.eudonet.com\/fr-ca\/ressources\/blog\/","name":"Blog : conseils, tendances et bonnes pratiques | Eudonet","isPartOf":{"@id":"https:\/\/www.eudonet.com\/fr-ca\/#website"},"datePublished":"2025-05-07T20:34:29+00:00","dateModified":"2026-03-17T16:28:12+00:00","description":"D\u00e9couvrez le blog Eudonet : actualit\u00e9s, tendances, bonnes pratiques et conseils d\u00e9di\u00e9s aux enjeux des organisations canadiennes.","breadcrumb":{"@id":"https:\/\/www.eudonet.com\/fr-ca\/ressources\/blog\/#breadcrumb"},"inLanguage":"fr-CA","potentialAction":[{"@type":"ReadAction","target":["https:\/\/www.eudonet.com\/fr-ca\/ressources\/blog\/"]}]},{"@type":"BreadcrumbList","@id":"https:\/\/www.eudonet.com\/fr-ca\/ressources\/blog\/#breadcrumb","itemListElement":[{"@type":"ListItem","position":1,"name":"Accueil","item":"https:\/\/www.eudonet.com\/fr-ca\/"},{"@type":"ListItem","position":2,"name":"Ressources","item":"https:\/\/www.eudonet.com\/fr-ca\/ressources\/"},{"@type":"ListItem","position":3,"name":"Blog"}]},{"@type":"WebSite","@id":"https:\/\/www.eudonet.com\/fr-ca\/#website","url":"https:\/\/www.eudonet.com\/fr-ca\/","name":"Eudonet","description":"","potentialAction":[{"@type":"SearchAction","target":{"@type":"EntryPoint","urlTemplate":"https:\/\/www.eudonet.com\/fr-ca\/?s={search_term_string}"},"query-input":{"@type":"PropertyValueSpecification","valueRequired":true,"valueName":"search_term_string"}}],"inLanguage":"fr-CA"},{"@type":"ImageObject","inLanguage":"fr-CA","@id":"https:\/\/www.eudonet.com\/fr-ca\/ressources\/blog\/#local-main-organization-logo","url":"","contentUrl":"","caption":"Eudonet"}]}},"metadata":{"_wp_page_template":["blog.php"],"_wpml_word_count":["1"],"blog_icon":["3100"],"_blog_icon":["field_blog_icon"],"blog_title":["Le blog Eudonet"],"_blog_title":["field_blog_title"],"blog_text":["Conseils, analyses et bonnes pratiques pour les associations, fondations, institutions culturelles et l\u2019enseignement.\r\n\r\nAmplifiez l\u2019engagement et la performance de votre organisation."],"_blog_text":["field_blog_text"],"blog_featured_articles":["a:4:{i:0;s:5:\"34146\";i:1;s:5:\"23806\";i:2;s:5:\"23921\";i:3;s:5:\"17838\";}"],"_blog_featured_articles":["field_blog_featured_articles"],"blog_popular_title":["Articles populaires"],"_blog_popular_title":["field_blog_popular_title"],"blog_popular":["a:7:{i:0;s:5:\"23806\";i:1;s:5:\"34939\";i:2;s:4:\"9832\";i:3;s:5:\"34146\";i:4;s:5:\"21727\";i:5;s:5:\"21382\";i:6;s:5:\"34721\";}"],"_blog_popular":["field_blog_popular"],"blog_all_title":["Tous les articles"],"_blog_all_title":["field_blog_all_title"],"cta_background":["1371"],"_cta_background":["field_cta_background"],"cta_title":["Rejoignez les organisations\r\nqui font la diff\u00e9rence"],"_cta_title":["field_cta_title"],"cta_link_1":["a:3:{s:5:\"title\";s:25:\"Programmez un rendez-vous\";s:3:\"url\";s:34:\"https:\/\/www.eudonet.com\/fr-ca\/rdv\/\";s:6:\"target\";s:0:\"\";}"],"_cta_link_1":["field_cta_link_1"],"cta_link_2":["a:3:{s:5:\"title\";s:40:\"Contacter notre d\u00e9partemenrt des ventes\";s:3:\"url\";s:38:\"https:\/\/www.eudonet.com\/fr-ca\/contact\/\";s:6:\"target\";s:0:\"\";}"],"_cta_link_2":["field_cta_link_2"],"newsletter_title":["Amplifiez votre impact"],"_newsletter_title":["field_newsletter_title"],"newsletter_text":["Rejoignez la communaut\u00e9 Eudonet."],"_newsletter_text":["field_newsletter_text"],"newsletter_sector":["Choix du secteur"],"_newsletter_sector":["field_newsletter_sector"],"newsletter_placeholder":["Adresse email"],"_newsletter_placeholder":["field_newsletter_placeholder"],"newsletter_submit":["S'inscrire"],"_newsletter_submit":["field_newsletter_submit"],"theme_selector":["transparent"],"_theme_selector":["theme_selector"],"_wpml_media_duplicate":["1"],"_wpml_media_featured":["1"],"_eael_post_view_count":["872"],"featured_resources":[""],"_featured_resources":["field_resources_in_page_featured"],"_edit_lock":["1773764765:25"],"_edit_last":["25"],"_last_translation_edit_mode":["native-editor"],"_yoast_wpseo_content_score":["90"],"_yoast_wpseo_estimated-reading-time-minutes":["0"],"_yoast_wpseo_videositemap-rating":["0"],"_yoast_wpseo_title":["Blog : conseils, tendances et bonnes pratiques | Eudonet"],"_yoast_wpseo_metadesc":["D\u00e9couvrez le blog Eudonet : actualit\u00e9s, tendances, bonnes pratiques et conseils d\u00e9di\u00e9s aux enjeux des organisations canadiennes."],"_yoast_indexnow_last_ping":["1773764892"],"_yoast_wpseo_focuskeywords":[""],"_yoast_wpseo_keywordsynonyms":[""],"_yoast_wpseo_opengraph-image":["https:\/\/www.eudonet.com\/wp-content\/uploads\/2025\/10\/Favicon-square-1.png"],"_yoast_wpseo_opengraph-image-id":["29889"],"hide_header":["0"],"_hide_header":["hide_header"]},"_links":{"self":[{"href":"https:\/\/www.eudonet.com\/fr-ca\/wp-json\/wp\/v2\/pages\/9497","targetHints":{"allow":["GET"]}}],"collection":[{"href":"https:\/\/www.eudonet.com\/fr-ca\/wp-json\/wp\/v2\/pages"}],"about":[{"href":"https:\/\/www.eudonet.com\/fr-ca\/wp-json\/wp\/v2\/types\/page"}],"author":[{"embeddable":true,"href":"https:\/\/www.eudonet.com\/fr-ca\/wp-json\/wp\/v2\/users\/3"}],"replies":[{"embeddable":true,"href":"https:\/\/www.eudonet.com\/fr-ca\/wp-json\/wp\/v2\/comments?post=9497"}],"version-history":[{"count":10,"href":"https:\/\/www.eudonet.com\/fr-ca\/wp-json\/wp\/v2\/pages\/9497\/revisions"}],"predecessor-version":[{"id":35088,"href":"https:\/\/www.eudonet.com\/fr-ca\/wp-json\/wp\/v2\/pages\/9497\/revisions\/35088"}],"up":[{"embeddable":true,"href":"https:\/\/www.eudonet.com\/fr-ca\/wp-json\/wp\/v2\/pages\/10148"}],"wp:attachment":[{"href":"https:\/\/www.eudonet.com\/fr-ca\/wp-json\/wp\/v2\/media?parent=9497"}],"curies":[{"name":"wp","href":"https:\/\/api.w.org\/{rel}","templated":true}]}}