{"id":103,"date":"2025-05-07T20:34:37","date_gmt":"2025-05-07T20:34:37","guid":{"rendered":"http:\/\/localhost:8088\/?page_id=103"},"modified":"2026-03-17T16:42:29","modified_gmt":"2026-03-17T16:42:29","slug":"ebooks-guides","status":"publish","type":"page","link":"https:\/\/www.eudonet.com\/fr\/ressources\/ebooks-guides\/","title":{"rendered":"Guides &amp; E-Book"},"content":{"rendered":"","protected":false},"excerpt":{"rendered":"","protected":false},"author":3,"featured_media":0,"parent":3114,"menu_order":0,"comment_status":"closed","ping_status":"closed","template":"ebooks.php","meta":{"_acf_changed":false,"footnotes":""},"class_list":["post-103","page","type-page","status-publish","hentry"],"acf":[],"yoast_head":"<!-- This site is optimized with the Yoast SEO Premium plugin v26.3 (Yoast SEO v26.6) - https:\/\/yoast.com\/wordpress\/plugins\/seo\/ -->\n<title>E-books, rapports et guides pratiques | Eudonet<\/title>\n<meta name=\"description\" content=\"Acc\u00e9dez aux e-books et guides Eudonet : contenus experts, conseils CRM et m\u00e9thodologies pour associations, secteur public et enseignement sup\u00e9rieur.\" \/>\n<meta name=\"robots\" content=\"index, follow, max-snippet:-1, max-image-preview:large, max-video-preview:-1\" \/>\n<link rel=\"canonical\" href=\"https:\/\/www.eudonet.com\/fr\/ressources\/ebooks-guides\/\" \/>\n<meta property=\"og:locale\" content=\"fr_FR\" \/>\n<meta property=\"og:type\" content=\"article\" \/>\n<meta property=\"og:title\" content=\"Guides &amp; E-Book\" \/>\n<meta property=\"og:description\" content=\"Acc\u00e9dez aux e-books et guides Eudonet : contenus experts, conseils CRM et m\u00e9thodologies pour associations, secteur public et enseignement sup\u00e9rieur.\" \/>\n<meta property=\"og:url\" content=\"https:\/\/www.eudonet.com\/fr\/ressources\/ebooks-guides\/\" \/>\n<meta property=\"og:site_name\" content=\"Eudonet\" \/>\n<meta property=\"article:modified_time\" content=\"2026-03-17T16:42:29+00:00\" \/>\n<meta property=\"og:image\" content=\"https:\/\/www.eudonet.com\/wp-content\/uploads\/2025\/10\/cropped-Favicon-square-1.png\" \/>\n\t<meta property=\"og:image:width\" content=\"512\" \/>\n\t<meta property=\"og:image:height\" content=\"512\" \/>\n\t<meta property=\"og:image:type\" content=\"image\/png\" \/>\n<meta name=\"twitter:card\" content=\"summary_large_image\" \/>\n<script type=\"application\/ld+json\" class=\"yoast-schema-graph\">{\"@context\":\"https:\/\/schema.org\",\"@graph\":[{\"@type\":\"WebPage\",\"@id\":\"https:\/\/www.eudonet.com\/fr\/ressources\/ebooks-guides\/\",\"url\":\"https:\/\/www.eudonet.com\/fr\/ressources\/ebooks-guides\/\",\"name\":\"E-books, rapports et guides pratiques | Eudonet\",\"isPartOf\":{\"@id\":\"https:\/\/www.eudonet.com\/fr\/#website\"},\"datePublished\":\"2025-05-07T20:34:37+00:00\",\"dateModified\":\"2026-03-17T16:42:29+00:00\",\"description\":\"Acc\u00e9dez aux e-books et guides Eudonet : contenus experts, conseils CRM et m\u00e9thodologies pour associations, secteur public et enseignement sup\u00e9rieur.\",\"breadcrumb\":{\"@id\":\"https:\/\/www.eudonet.com\/fr\/ressources\/ebooks-guides\/#breadcrumb\"},\"inLanguage\":\"fr-FR\",\"potentialAction\":[{\"@type\":\"ReadAction\",\"target\":[\"https:\/\/www.eudonet.com\/fr\/ressources\/ebooks-guides\/\"]}]},{\"@type\":\"BreadcrumbList\",\"@id\":\"https:\/\/www.eudonet.com\/fr\/ressources\/ebooks-guides\/#breadcrumb\",\"itemListElement\":[{\"@type\":\"ListItem\",\"position\":1,\"name\":\"Accueil\",\"item\":\"https:\/\/www.eudonet.com\/fr\/\"},{\"@type\":\"ListItem\",\"position\":2,\"name\":\"Ressources\",\"item\":\"https:\/\/www.eudonet.com\/fr\/ressources\/\"},{\"@type\":\"ListItem\",\"position\":3,\"name\":\"Guides &amp; E-Book\"}]},{\"@type\":\"WebSite\",\"@id\":\"https:\/\/www.eudonet.com\/fr\/#website\",\"url\":\"https:\/\/www.eudonet.com\/fr\/\",\"name\":\"Eudonet\",\"description\":\"\",\"potentialAction\":[{\"@type\":\"SearchAction\",\"target\":{\"@type\":\"EntryPoint\",\"urlTemplate\":\"https:\/\/www.eudonet.com\/fr\/?s={search_term_string}\"},\"query-input\":{\"@type\":\"PropertyValueSpecification\",\"valueRequired\":true,\"valueName\":\"search_term_string\"}}],\"inLanguage\":\"fr-FR\"},{\"@type\":\"ImageObject\",\"inLanguage\":\"fr-FR\",\"@id\":\"https:\/\/www.eudonet.com\/fr\/ressources\/ebooks-guides\/#local-main-organization-logo\",\"url\":\"\",\"contentUrl\":\"\",\"caption\":\"Eudonet\"}]}<\/script>\n<!-- \/ Yoast SEO Premium plugin. -->","yoast_head_json":{"title":"E-books, rapports et guides pratiques | Eudonet","description":"Acc\u00e9dez aux e-books et guides Eudonet : contenus experts, conseils CRM et m\u00e9thodologies pour associations, secteur public et enseignement sup\u00e9rieur.","robots":{"index":"index","follow":"follow","max-snippet":"max-snippet:-1","max-image-preview":"max-image-preview:large","max-video-preview":"max-video-preview:-1"},"canonical":"https:\/\/www.eudonet.com\/fr\/ressources\/ebooks-guides\/","og_locale":"fr_FR","og_type":"article","og_title":"Guides &amp; E-Book","og_description":"Acc\u00e9dez aux e-books et guides Eudonet : contenus experts, conseils CRM et m\u00e9thodologies pour associations, secteur public et enseignement sup\u00e9rieur.","og_url":"https:\/\/www.eudonet.com\/fr\/ressources\/ebooks-guides\/","og_site_name":"Eudonet","article_modified_time":"2026-03-17T16:42:29+00:00","og_image":[{"width":512,"height":512,"url":"https:\/\/www.eudonet.com\/wp-content\/uploads\/2025\/10\/cropped-Favicon-square-1.png","type":"image\/png"}],"twitter_card":"summary_large_image","schema":{"@context":"https:\/\/schema.org","@graph":[{"@type":"WebPage","@id":"https:\/\/www.eudonet.com\/fr\/ressources\/ebooks-guides\/","url":"https:\/\/www.eudonet.com\/fr\/ressources\/ebooks-guides\/","name":"E-books, rapports et guides pratiques | Eudonet","isPartOf":{"@id":"https:\/\/www.eudonet.com\/fr\/#website"},"datePublished":"2025-05-07T20:34:37+00:00","dateModified":"2026-03-17T16:42:29+00:00","description":"Acc\u00e9dez aux e-books et guides Eudonet : contenus experts, conseils CRM et m\u00e9thodologies pour associations, secteur public et enseignement sup\u00e9rieur.","breadcrumb":{"@id":"https:\/\/www.eudonet.com\/fr\/ressources\/ebooks-guides\/#breadcrumb"},"inLanguage":"fr-FR","potentialAction":[{"@type":"ReadAction","target":["https:\/\/www.eudonet.com\/fr\/ressources\/ebooks-guides\/"]}]},{"@type":"BreadcrumbList","@id":"https:\/\/www.eudonet.com\/fr\/ressources\/ebooks-guides\/#breadcrumb","itemListElement":[{"@type":"ListItem","position":1,"name":"Accueil","item":"https:\/\/www.eudonet.com\/fr\/"},{"@type":"ListItem","position":2,"name":"Ressources","item":"https:\/\/www.eudonet.com\/fr\/ressources\/"},{"@type":"ListItem","position":3,"name":"Guides &amp; E-Book"}]},{"@type":"WebSite","@id":"https:\/\/www.eudonet.com\/fr\/#website","url":"https:\/\/www.eudonet.com\/fr\/","name":"Eudonet","description":"","potentialAction":[{"@type":"SearchAction","target":{"@type":"EntryPoint","urlTemplate":"https:\/\/www.eudonet.com\/fr\/?s={search_term_string}"},"query-input":{"@type":"PropertyValueSpecification","valueRequired":true,"valueName":"search_term_string"}}],"inLanguage":"fr-FR"},{"@type":"ImageObject","inLanguage":"fr-FR","@id":"https:\/\/www.eudonet.com\/fr\/ressources\/ebooks-guides\/#local-main-organization-logo","url":"","contentUrl":"","caption":"Eudonet"}]}},"metadata":{"_wpml_word_count":["3"],"_edit_lock":["1776676439:28"],"_edit_last":["25"],"_wp_page_template":["ebooks.php"],"blog_icon":[""],"_blog_icon":["field_blog_icon"],"blog_title":[""],"_blog_title":["field_blog_title"],"blog_text":[""],"_blog_text":["field_blog_text"],"blog_featured_articles":[""],"_blog_featured_articles":["field_blog_featured_articles"],"blog_popular_title":["Articles populaires"],"_blog_popular_title":["field_blog_popular_title"],"blog_popular":[""],"_blog_popular":["field_blog_popular"],"blog_all_title":["Tous les articles"],"_blog_all_title":["field_blog_all_title"],"cta_background":["714"],"_cta_background":["field_cta_background"],"cta_title":["Rejoignez les organisations\r\nqui font la diff\u00e9rence"],"_cta_title":["field_cta_title"],"cta_link_1":["a:3:{s:5:\"title\";s:14:\"Prendre un RDV\";s:3:\"url\";s:31:\"https:\/\/www.eudonet.com\/fr\/rdv\/\";s:6:\"target\";s:0:\"\";}"],"_cta_link_1":["field_cta_link_1"],"cta_link_2":["a:3:{s:5:\"title\";s:31:\"Contacter l'\u00e9quipe commerciale\";s:3:\"url\";s:35:\"https:\/\/www.eudonet.com\/fr\/contact\/\";s:6:\"target\";s:0:\"\";}"],"_cta_link_2":["field_cta_link_2"],"newsletter_title":["Amplifiez votre impact"],"_newsletter_title":["field_newsletter_title"],"newsletter_text":["Rejoignez la communaut\u00e9 Eudonet."],"_newsletter_text":["field_newsletter_text"],"newsletter_sector":["Votre secteur"],"_newsletter_sector":["field_newsletter_sector"],"newsletter_placeholder":["Adresse email"],"_newsletter_placeholder":["field_newsletter_placeholder"],"newsletter_submit":["S'inscrire"],"_newsletter_submit":["field_newsletter_submit"],"theme_selector":["transparent"],"_theme_selector":["theme_selector"],"_wpml_media_duplicate":["1"],"_wpml_media_featured":["1"],"ebooks_icon":["3102"],"_ebooks_icon":["field_ebooks_icon"],"ebooks_title":["Guides & E-books"],"_ebooks_title":["field_ebooks_title"],"ebooks_text":["Pour les professionnels des associations, fondations, \u00e9coles et institutions publiques. Ma\u00eetrisez les enjeux de votre secteur : gestion des membres, relation citoyen, animation de communaut\u00e9s, collecte de fonds et transformation digitale de votre organisation."],"_ebooks_text":["field_ebooks_text"],"ebooks_featured_articles":["a:1:{i:0;s:5:\"34110\";}"],"_ebooks_featured_articles":["field_ebooks_featured_articles"],"ebooks_popular_title":["Guides & E-books populaires"],"_ebooks_popular_title":["field_ebooks_popular_title"],"ebooks_popular":["a:7:{i:0;s:5:\"33361\";i:1;s:4:\"2921\";i:2;s:5:\"30360\";i:3;s:5:\"11273\";i:4;s:4:\"2825\";i:5;s:5:\"30372\";i:6;s:4:\"2747\";}"],"_ebooks_popular":["field_ebooks_popular"],"ebooks_all_title":["Tous les guides & E-books"],"_ebooks_all_title":["field_ebooks_all_title"],"_eael_post_view_count":["3379"],"featured_resources":[""],"_featured_resources":["field_resources_in_page_featured"],"_yoast_wpseo_content_score":["90"],"_yoast_wpseo_estimated-reading-time-minutes":["0"],"_yoast_wpseo_videositemap-rating":["0"],"_yoast_wpseo_title":["E-books, rapports et guides pratiques | Eudonet"],"_yoast_wpseo_metadesc":["Acc\u00e9dez aux e-books et guides Eudonet : contenus experts, conseils CRM et m\u00e9thodologies pour associations, secteur public et enseignement sup\u00e9rieur."],"copied_media_ids":["a:0:{}"],"referenced_media_ids":["a:0:{}"],"_yoast_indexnow_last_ping":["1773765749"],"_yoast_wpseo_focuskeywords":[""],"_yoast_wpseo_keywordsynonyms":[""],"_yoast_wpseo_opengraph-image":["https:\/\/www.eudonet.com\/wp-content\/uploads\/2025\/10\/cropped-Favicon-square-1-300x300.png"],"_yoast_wpseo_opengraph-image-id":["29891"],"hide_header":["0"],"_hide_header":["hide_header"],"_elementor_edit_mode":["builder"],"_elementor_template_type":["wp-page"],"_elementor_version":["3.33.6"],"_elementor_page_assets":["a:0:{}"],"_elementor_css":["a:7:{s:4:\"time\";i:1777459403;s:5:\"fonts\";a:0:{}s:5:\"icons\";a:0:{}s:20:\"dynamic_elements_ids\";a:0:{}s:6:\"status\";s:5:\"empty\";i:0;s:0:\"\";s:3:\"css\";s:0:\"\";}"]},"_links":{"self":[{"href":"https:\/\/www.eudonet.com\/fr\/wp-json\/wp\/v2\/pages\/103","targetHints":{"allow":["GET"]}}],"collection":[{"href":"https:\/\/www.eudonet.com\/fr\/wp-json\/wp\/v2\/pages"}],"about":[{"href":"https:\/\/www.eudonet.com\/fr\/wp-json\/wp\/v2\/types\/page"}],"author":[{"embeddable":true,"href":"https:\/\/www.eudonet.com\/fr\/wp-json\/wp\/v2\/users\/3"}],"replies":[{"embeddable":true,"href":"https:\/\/www.eudonet.com\/fr\/wp-json\/wp\/v2\/comments?post=103"}],"version-history":[{"count":10,"href":"https:\/\/www.eudonet.com\/fr\/wp-json\/wp\/v2\/pages\/103\/revisions"}],"predecessor-version":[{"id":35094,"href":"https:\/\/www.eudonet.com\/fr\/wp-json\/wp\/v2\/pages\/103\/revisions\/35094"}],"up":[{"embeddable":true,"href":"https:\/\/www.eudonet.com\/fr\/wp-json\/wp\/v2\/pages\/3114"}],"wp:attachment":[{"href":"https:\/\/www.eudonet.com\/fr\/wp-json\/wp\/v2\/media?parent=103"}],"curies":[{"name":"wp","href":"https:\/\/api.w.org\/{rel}","templated":true}]}}