{"id":169,"date":"2025-05-10T16:46:39","date_gmt":"2025-05-10T16:46:39","guid":{"rendered":"http:\/\/localhost:8088\/?page_id=169"},"modified":"2025-11-27T12:20:43","modified_gmt":"2025-11-27T12:20:43","slug":"integrations","status":"publish","type":"page","link":"https:\/\/www.eudonet.com\/fr\/solutions\/integrations\/","title":{"rendered":"Int\u00e9grations"},"content":{"rendered":"","protected":false},"excerpt":{"rendered":"","protected":false},"author":3,"featured_media":24671,"parent":11470,"menu_order":0,"comment_status":"closed","ping_status":"closed","template":"integrations.php","meta":{"_acf_changed":false,"footnotes":""},"class_list":["post-169","page","type-page","status-publish","has-post-thumbnail","hentry"],"acf":[],"yoast_head":"<!-- This site is optimized with the Yoast SEO Premium plugin v26.3 (Yoast SEO v26.6) - https:\/\/yoast.com\/wordpress\/plugins\/seo\/ -->\n<title>Int\u00e9grations : connectez, synchronisez, automatisez | Eudonet<\/title>\n<meta name=\"description\" content=\"Eudonet s\u2019int\u00e8gre facilement \u00e0 toutes vos solutions existantes pour simplifier votre quotidien. Comptabilit\u00e9, paiement, communication...\" \/>\n<meta name=\"robots\" content=\"index, follow, max-snippet:-1, max-image-preview:large, max-video-preview:-1\" \/>\n<link rel=\"canonical\" href=\"https:\/\/www.eudonet.com\/fr\/solutions\/integrations\/\" \/>\n<meta property=\"og:locale\" content=\"fr_FR\" \/>\n<meta property=\"og:type\" content=\"article\" \/>\n<meta property=\"og:title\" content=\"Int\u00e9grations\" \/>\n<meta property=\"og:description\" content=\"Eudonet s\u2019int\u00e8gre facilement \u00e0 toutes vos solutions existantes pour simplifier votre quotidien. Comptabilit\u00e9, paiement, communication...\" \/>\n<meta property=\"og:url\" content=\"https:\/\/www.eudonet.com\/fr\/solutions\/integrations\/\" \/>\n<meta property=\"og:site_name\" content=\"Eudonet\" \/>\n<meta property=\"article:modified_time\" content=\"2025-11-27T12:20:43+00:00\" \/>\n<meta property=\"og:image\" content=\"https:\/\/www.eudonet.com\/wp-content\/uploads\/2025\/09\/background2.png\" \/>\n\t<meta property=\"og:image:width\" content=\"651\" \/>\n\t<meta property=\"og:image:height\" content=\"788\" \/>\n\t<meta property=\"og:image:type\" content=\"image\/png\" \/>\n<meta name=\"twitter:card\" content=\"summary_large_image\" \/>\n<meta name=\"twitter:label1\" content=\"Dur\u00e9e de lecture estim\u00e9e\" \/>\n\t<meta name=\"twitter:data1\" content=\"1 minute\" \/>\n<script type=\"application\/ld+json\" class=\"yoast-schema-graph\">{\"@context\":\"https:\/\/schema.org\",\"@graph\":[{\"@type\":\"WebPage\",\"@id\":\"https:\/\/www.eudonet.com\/fr\/solutions\/integrations\/\",\"url\":\"https:\/\/www.eudonet.com\/fr\/solutions\/integrations\/\",\"name\":\"Int\u00e9grations : connectez, synchronisez, automatisez | Eudonet\",\"isPartOf\":{\"@id\":\"https:\/\/www.eudonet.com\/fr\/#website\"},\"primaryImageOfPage\":{\"@id\":\"https:\/\/www.eudonet.com\/fr\/solutions\/integrations\/#primaryimage\"},\"image\":{\"@id\":\"https:\/\/www.eudonet.com\/fr\/solutions\/integrations\/#primaryimage\"},\"thumbnailUrl\":\"https:\/\/www.eudonet.com\/wp-content\/uploads\/2025\/09\/background2.png\",\"datePublished\":\"2025-05-10T16:46:39+00:00\",\"dateModified\":\"2025-11-27T12:20:43+00:00\",\"description\":\"Eudonet s\u2019int\u00e8gre facilement \u00e0 toutes vos solutions existantes pour simplifier votre quotidien. Comptabilit\u00e9, paiement, communication...\",\"breadcrumb\":{\"@id\":\"https:\/\/www.eudonet.com\/fr\/solutions\/integrations\/#breadcrumb\"},\"inLanguage\":\"fr-FR\",\"potentialAction\":[{\"@type\":\"ReadAction\",\"target\":[\"https:\/\/www.eudonet.com\/fr\/solutions\/integrations\/\"]}]},{\"@type\":\"ImageObject\",\"inLanguage\":\"fr-FR\",\"@id\":\"https:\/\/www.eudonet.com\/fr\/solutions\/integrations\/#primaryimage\",\"url\":\"https:\/\/www.eudonet.com\/wp-content\/uploads\/2025\/09\/background2.png\",\"contentUrl\":\"https:\/\/www.eudonet.com\/wp-content\/uploads\/2025\/09\/background2.png\",\"width\":651,\"height\":788},{\"@type\":\"BreadcrumbList\",\"@id\":\"https:\/\/www.eudonet.com\/fr\/solutions\/integrations\/#breadcrumb\",\"itemListElement\":[{\"@type\":\"ListItem\",\"position\":1,\"name\":\"Accueil\",\"item\":\"https:\/\/www.eudonet.com\/fr\/\"},{\"@type\":\"ListItem\",\"position\":2,\"name\":\"Solutions\",\"item\":\"https:\/\/www.eudonet.com\/fr\/solutions\/\"},{\"@type\":\"ListItem\",\"position\":3,\"name\":\"Int\u00e9grations\"}]},{\"@type\":\"WebSite\",\"@id\":\"https:\/\/www.eudonet.com\/fr\/#website\",\"url\":\"https:\/\/www.eudonet.com\/fr\/\",\"name\":\"Eudonet\",\"description\":\"\",\"potentialAction\":[{\"@type\":\"SearchAction\",\"target\":{\"@type\":\"EntryPoint\",\"urlTemplate\":\"https:\/\/www.eudonet.com\/fr\/?s={search_term_string}\"},\"query-input\":{\"@type\":\"PropertyValueSpecification\",\"valueRequired\":true,\"valueName\":\"search_term_string\"}}],\"inLanguage\":\"fr-FR\"},{\"@type\":\"ImageObject\",\"inLanguage\":\"fr-FR\",\"@id\":\"https:\/\/www.eudonet.com\/fr\/solutions\/integrations\/#local-main-organization-logo\",\"url\":\"\",\"contentUrl\":\"\",\"caption\":\"Eudonet\"}]}<\/script>\n<!-- \/ Yoast SEO Premium plugin. -->","yoast_head_json":{"title":"Int\u00e9grations : connectez, synchronisez, automatisez | Eudonet","description":"Eudonet s\u2019int\u00e8gre facilement \u00e0 toutes vos solutions existantes pour simplifier votre quotidien. Comptabilit\u00e9, paiement, communication...","robots":{"index":"index","follow":"follow","max-snippet":"max-snippet:-1","max-image-preview":"max-image-preview:large","max-video-preview":"max-video-preview:-1"},"canonical":"https:\/\/www.eudonet.com\/fr\/solutions\/integrations\/","og_locale":"fr_FR","og_type":"article","og_title":"Int\u00e9grations","og_description":"Eudonet s\u2019int\u00e8gre facilement \u00e0 toutes vos solutions existantes pour simplifier votre quotidien. Comptabilit\u00e9, paiement, communication...","og_url":"https:\/\/www.eudonet.com\/fr\/solutions\/integrations\/","og_site_name":"Eudonet","article_modified_time":"2025-11-27T12:20:43+00:00","og_image":[{"width":651,"height":788,"url":"https:\/\/www.eudonet.com\/wp-content\/uploads\/2025\/09\/background2.png","type":"image\/png"}],"twitter_card":"summary_large_image","twitter_misc":{"Dur\u00e9e de lecture estim\u00e9e":"1 minute"},"schema":{"@context":"https:\/\/schema.org","@graph":[{"@type":"WebPage","@id":"https:\/\/www.eudonet.com\/fr\/solutions\/integrations\/","url":"https:\/\/www.eudonet.com\/fr\/solutions\/integrations\/","name":"Int\u00e9grations : connectez, synchronisez, automatisez | Eudonet","isPartOf":{"@id":"https:\/\/www.eudonet.com\/fr\/#website"},"primaryImageOfPage":{"@id":"https:\/\/www.eudonet.com\/fr\/solutions\/integrations\/#primaryimage"},"image":{"@id":"https:\/\/www.eudonet.com\/fr\/solutions\/integrations\/#primaryimage"},"thumbnailUrl":"https:\/\/www.eudonet.com\/wp-content\/uploads\/2025\/09\/background2.png","datePublished":"2025-05-10T16:46:39+00:00","dateModified":"2025-11-27T12:20:43+00:00","description":"Eudonet s\u2019int\u00e8gre facilement \u00e0 toutes vos solutions existantes pour simplifier votre quotidien. Comptabilit\u00e9, paiement, communication...","breadcrumb":{"@id":"https:\/\/www.eudonet.com\/fr\/solutions\/integrations\/#breadcrumb"},"inLanguage":"fr-FR","potentialAction":[{"@type":"ReadAction","target":["https:\/\/www.eudonet.com\/fr\/solutions\/integrations\/"]}]},{"@type":"ImageObject","inLanguage":"fr-FR","@id":"https:\/\/www.eudonet.com\/fr\/solutions\/integrations\/#primaryimage","url":"https:\/\/www.eudonet.com\/wp-content\/uploads\/2025\/09\/background2.png","contentUrl":"https:\/\/www.eudonet.com\/wp-content\/uploads\/2025\/09\/background2.png","width":651,"height":788},{"@type":"BreadcrumbList","@id":"https:\/\/www.eudonet.com\/fr\/solutions\/integrations\/#breadcrumb","itemListElement":[{"@type":"ListItem","position":1,"name":"Accueil","item":"https:\/\/www.eudonet.com\/fr\/"},{"@type":"ListItem","position":2,"name":"Solutions","item":"https:\/\/www.eudonet.com\/fr\/solutions\/"},{"@type":"ListItem","position":3,"name":"Int\u00e9grations"}]},{"@type":"WebSite","@id":"https:\/\/www.eudonet.com\/fr\/#website","url":"https:\/\/www.eudonet.com\/fr\/","name":"Eudonet","description":"","potentialAction":[{"@type":"SearchAction","target":{"@type":"EntryPoint","urlTemplate":"https:\/\/www.eudonet.com\/fr\/?s={search_term_string}"},"query-input":{"@type":"PropertyValueSpecification","valueRequired":true,"valueName":"search_term_string"}}],"inLanguage":"fr-FR"},{"@type":"ImageObject","inLanguage":"fr-FR","@id":"https:\/\/www.eudonet.com\/fr\/solutions\/integrations\/#local-main-organization-logo","url":"","contentUrl":"","caption":"Eudonet"}]}},"metadata":{"_wpml_word_count":["3"],"_eael_post_view_count":["3944"],"_edit_lock":["1770039551:1"],"_edit_last":["1"],"_wp_page_template":["integrations.php"],"cta_background":["714"],"_cta_background":["field_cta_background"],"cta_title":["Rejoignez les organisations\r\nqui font la diff\u00e9rence"],"_cta_title":["field_cta_title"],"cta_link_1":["a:3:{s:5:\"title\";s:14:\"Prendre un RDV\";s:3:\"url\";s:31:\"https:\/\/www.eudonet.com\/fr\/rdv\/\";s:6:\"target\";s:0:\"\";}"],"_cta_link_1":["field_cta_link_1"],"cta_link_2":["a:3:{s:5:\"title\";s:35:\"Contacter notre \u00e9quipe commerciale\";s:3:\"url\";s:35:\"https:\/\/www.eudonet.com\/fr\/contact\/\";s:6:\"target\";s:0:\"\";}"],"_cta_link_2":["field_cta_link_2"],"faq_title":["Questions Fr\u00e9quentes"],"_faq_title":["field_faq_title"],"faq_cta":[""],"_faq_cta":["field_faq_cta"],"article_questions":["a:3:{i:0;s:4:\"2945\";i:1;s:4:\"2947\";i:2;s:4:\"2949\";}"],"_article_questions":["field_article_questions"],"title":["Int\u00e9grations"],"_title":["field_integrations_title"],"text":["Connectez, synchronisez, automatisez. Eudonet s\u2019int\u00e8gre facilement \u00e0 vos solutions existantes pour simplifier votre quotidien. Comptabilit\u00e9, paiement, communication: transformez vos outils isol\u00e9s en un \u00e9cosyst\u00e8me organisationnel unifi\u00e9. "],"_text":["field_integrations_text"],"tag":["Tendances"],"_tag":["field_integrations_tag"],"featured":["a:3:{i:0;s:5:\"11067\";i:1;s:4:\"8774\";i:2;s:4:\"8987\";}"],"_featured":["field_integrations_featured"],"grid_title":["Explorez notre catalogue par cat\u00e9gorie "],"_grid_title":["field_integrations_grid_title"],"grid_text":["Trouvez rapidement les int\u00e9grations qui r\u00e9pondent \u00e0 vos besoins organisationnels. Filtrez par cat\u00e9gorie et cr\u00e9ez une exp\u00e9rience fluide entre vos processus existants et votre plateforme Eudonet. "],"_grid_text":["field_integrations_grid_text"],"theme_selector":["black"],"_theme_selector":["theme_selector"],"featured_resources":[""],"_featured_resources":["field_resources_in_page_featured"],"_wpml_media_duplicate":["1"],"_wpml_media_featured":["1"],"article_questions_repeater":[""],"_article_questions_repeater":["field_article_questions_repeater"],"_thumbnail_id":["24671"],"_yoast_wpseo_content_score":["90"],"_yoast_wpseo_estimated-reading-time-minutes":["1"],"_yoast_wpseo_videositemap-rating":["0"],"_yoast_wpseo_title":["Int\u00e9grations : connectez, synchronisez, automatisez | Eudonet"],"_yoast_wpseo_metadesc":["Eudonet s\u2019int\u00e8gre facilement \u00e0 toutes vos solutions existantes pour simplifier votre quotidien. Comptabilit\u00e9, paiement, communication..."],"_elementor_edit_mode":["builder"],"_elementor_template_type":["wp-page"],"_elementor_version":["3.33.6"],"copied_media_ids":["a:0:{}"],"referenced_media_ids":["a:1:{i:0;i:24671;}"],"_elementor_page_assets":["a:0:{}"],"_elementor_css":["a:7:{s:4:\"time\";i:1776491527;s:5:\"fonts\";a:0:{}s:5:\"icons\";a:0:{}s:20:\"dynamic_elements_ids\";a:0:{}s:6:\"status\";s:5:\"empty\";i:0;s:0:\"\";s:3:\"css\";s:0:\"\";}"]},"_links":{"self":[{"href":"https:\/\/www.eudonet.com\/fr\/wp-json\/wp\/v2\/pages\/169","targetHints":{"allow":["GET"]}}],"collection":[{"href":"https:\/\/www.eudonet.com\/fr\/wp-json\/wp\/v2\/pages"}],"about":[{"href":"https:\/\/www.eudonet.com\/fr\/wp-json\/wp\/v2\/types\/page"}],"author":[{"embeddable":true,"href":"https:\/\/www.eudonet.com\/fr\/wp-json\/wp\/v2\/users\/3"}],"replies":[{"embeddable":true,"href":"https:\/\/www.eudonet.com\/fr\/wp-json\/wp\/v2\/comments?post=169"}],"version-history":[{"count":13,"href":"https:\/\/www.eudonet.com\/fr\/wp-json\/wp\/v2\/pages\/169\/revisions"}],"predecessor-version":[{"id":32895,"href":"https:\/\/www.eudonet.com\/fr\/wp-json\/wp\/v2\/pages\/169\/revisions\/32895"}],"up":[{"embeddable":true,"href":"https:\/\/www.eudonet.com\/fr\/wp-json\/wp\/v2\/pages\/11470"}],"wp:featuredmedia":[{"embeddable":true,"href":"https:\/\/www.eudonet.com\/fr\/wp-json\/wp\/v2\/media\/24671"}],"wp:attachment":[{"href":"https:\/\/www.eudonet.com\/fr\/wp-json\/wp\/v2\/media?parent=169"}],"curies":[{"name":"wp","href":"https:\/\/api.w.org\/{rel}","templated":true}]}}